{"id":79845,"date":"2019-06-11T10:18:57","date_gmt":"2019-06-11T10:18:57","guid":{"rendered":"http:\/\/quark-studio.com\/?page_id=79845"},"modified":"2020-07-09T10:18:57","modified_gmt":"2020-07-09T10:18:57","slug":"careers","status":"publish","type":"page","link":"https:\/\/quark-studio.com\/tr\/careers\/","title":{"rendered":"Kariyer"},"content":{"rendered":"<div class=\"wpb-content-wrapper\"><p>[vc_row row_height_percent=&#8221;100&#8243; back_color=&#8221;color-xsdn&#8221; back_image=&#8221;80927&#8243; parallax=&#8221;yes&#8221; kburns=&#8221;zoom&#8221; overlay_color=&#8221;color-xsdn&#8221; overlay_alpha=&#8221;80&#8243; gutter_size=&#8221;3&#8243; column_width_percent=&#8221;100&#8243; shift_y=&#8221;0&#8243; z_index=&#8221;0&#8243; row_name=&#8221;About Me&#8221;][vc_column column_width_percent=&#8221;100&#8243; position_vertical=&#8221;middle&#8221; style=&#8221;light&#8221; overlay_alpha=&#8221;50&#8243; gutter_size=&#8221;4&#8243; medium_width=&#8221;0&#8243; mobile_width=&#8221;0&#8243; shift_x=&#8221;0&#8243; shift_y=&#8221;0&#8243; shift_y_down=&#8221;0&#8243; z_index=&#8221;0&#8243; css_animation=&#8221;bottom-t-top&#8221; animation_delay=&#8221;200&#8243; width=&#8221;1\/1&#8243;][vc_row_inner row_inner_height_percent=&#8221;0&#8243; overlay_alpha=&#8221;50&#8243; gutter_size=&#8221;4&#8243; shift_y=&#8221;0&#8243; z_index=&#8221;0&#8243;][vc_column_inner column_width_percent=&#8221;100&#8243; position_vertical=&#8221;bottom&#8221; gutter_size=&#8221;3&#8243; overlay_alpha=&#8221;50&#8243; medium_width=&#8221;0&#8243; mobile_width=&#8221;0&#8243; shift_x=&#8221;0&#8243; shift_y=&#8221;0&#8243; shift_y_down=&#8221;0&#8243; z_index=&#8221;0&#8243; width=&#8221;1\/2&#8243;][vc_custom_heading heading_semantic=&#8221;h6&#8243; text_size=&#8221;fontsize-160000&#8243; text_height=&#8221;fontheight-179065&#8243; text_space=&#8221;fontspace-781688&#8243; text_font=&#8221;font-762333&#8243; text_weight=&#8221;600&#8243; text_transform=&#8221;uppercase&#8221;]Kariyer @ Quark[\/vc_custom_heading][vc_custom_heading text_size=&#8221;fontsize-155944&#8243; text_height=&#8221;fontheight-179065&#8243; text_space=&#8221;fontspace-111509&#8243; text_font=&#8221;font-762333&#8243; text_weight=&#8221;800&#8243;]Tasar\u0131m, inovasyon ve do\u011fru uygulamaya inanan, \u00fcretken bir ekibe kat\u0131l\u0131n.[\/vc_custom_heading][\/vc_column_inner][vc_column_inner column_width_percent=&#8221;100&#8243; position_horizontal=&#8221;left&#8221; position_vertical=&#8221;bottom&#8221; gutter_size=&#8221;4&#8243; overlay_alpha=&#8221;50&#8243; medium_width=&#8221;0&#8243; mobile_width=&#8221;0&#8243; shift_x=&#8221;0&#8243; shift_y=&#8221;0&#8243; shift_y_down=&#8221;0&#8243; z_index=&#8221;0&#8243; width=&#8221;1\/2&#8243;][vc_custom_heading text_size=&#8221;h4&#8243; text_height=&#8221;fontheight-357766&#8243; text_space=&#8221;fontspace-781688&#8243; text_font=&#8221;font-202503&#8243; text_weight=&#8221;400&#8243;]Fark yaratabilece\u011fini d\u00fc\u015f\u00fcnen insanlar\u0131 seviyoruz. Ortalaman\u0131n \u00f6tesine ge\u00e7mek i\u00e7in gayret eden insanlara. Hayal eden, harekete ge\u00e7en ve hedefe ula\u015fan insanlara. Siz bu ekibin par\u00e7as\u0131 olmak ister misiniz ? <span style=\"color: #d42828;\"><a style=\"color: #d42828;\" href=\"mailto:hr@quark-studio.com\">\u0130K departman\u0131m\u0131zla hemen ileti\u015fime ge\u00e7in.<\/a><\/span>[\/vc_custom_heading][\/vc_column_inner][\/vc_row_inner][\/vc_column][\/vc_row]<\/p>\n<\/div>","protected":false},"excerpt":{"rendered":"<p>[vc_row row_height_percent=&#8221;100&#8243; back_color=&#8221;color-xsdn&#8221; back_image=&#8221;80927&#8243; parallax=&#8221;yes&#8221; kburns=&#8221;zoom&#8221; overlay_color=&#8221;color-xsdn&#8221; overlay_alpha=&#8221;80&#8243; gutter_size=&#8221;3&#8243; column_width_percent=&#8221;100&#8243; shift_y=&#8221;0&#8243; z_index=&#8221;0&#8243; row_name=&#8221;About Me&#8221;][vc_column column_width_percent=&#8221;100&#8243; position_vertical=&#8221;middle&#8221; style=&#8221;light&#8221; overlay_alpha=&#8221;50&#8243; gutter_size=&#8221;4&#8243; medium_width=&#8221;0&#8243; [&hellip;]<\/p>\n","protected":false},"author":1,"featured_media":0,"parent":0,"menu_order":0,"comment_status":"closed","ping_status":"closed","template":"","meta":{"footnotes":""},"class_list":["post-79845","page","type-page","status-publish","hentry"],"yoast_head":"<!-- This site is optimized with the Yoast SEO plugin v26.9 - https:\/\/yoast.com\/product\/yoast-seo-wordpress\/ -->\n<title>Kariyer | Quark Studio Architects | Architecture | Interior Design<\/title>\n<meta name=\"description\" content=\"Quark Studio Architects | Kariyer | Quark creates landmark architecture, inspirational interior design, exceptional renderings.\" \/>\n<meta name=\"robots\" content=\"index, follow, max-snippet:-1, max-image-preview:large, max-video-preview:-1\" \/>\n<link rel=\"canonical\" href=\"https:\/\/quark-studio.com\/careers\/\" \/>\n<meta property=\"og:locale\" content=\"tr_TR\" \/>\n<meta property=\"og:type\" content=\"article\" \/>\n<meta property=\"og:title\" content=\"Kariyer | Quark Studio Architects | Architecture | Interior Design\" \/>\n<meta property=\"og:description\" content=\"Quark Studio Architects | Kariyer | Quark creates landmark architecture, inspirational interior design, exceptional renderings.\" \/>\n<meta property=\"og:url\" content=\"https:\/\/quark-studio.com\/careers\/\" \/>\n<meta property=\"og:site_name\" content=\"Quark Studio Architects\" \/>\n<meta property=\"article:publisher\" content=\"https:\/\/www.facebook.com\/quarkstudio\" \/>\n<meta property=\"article:modified_time\" content=\"2020-07-09T10:18:57+00:00\" \/>\n<meta name=\"twitter:card\" content=\"summary_large_image\" \/>\n<meta name=\"twitter:site\" content=\"@studio_quark\" \/>\n<meta name=\"twitter:label1\" content=\"Tahmini okuma s\u00fcresi\" \/>\n\t<meta name=\"twitter:data1\" content=\"3 dakika\" \/>\n<script type=\"application\/ld+json\" class=\"yoast-schema-graph\">{\"@context\":\"https:\/\/schema.org\",\"@graph\":[{\"@type\":\"WebPage\",\"@id\":\"https:\/\/quark-studio.com\/careers\/\",\"url\":\"https:\/\/quark-studio.com\/careers\/\",\"name\":\"Kariyer | Quark Studio Architects | Architecture | Interior Design\",\"isPartOf\":{\"@id\":\"https:\/\/quark-studio.com\/#website\"},\"datePublished\":\"2019-06-11T10:18:57+00:00\",\"dateModified\":\"2020-07-09T10:18:57+00:00\",\"description\":\"Quark Studio Architects | Kariyer | Quark creates landmark architecture, inspirational interior design, exceptional renderings.\",\"breadcrumb\":{\"@id\":\"https:\/\/quark-studio.com\/careers\/#breadcrumb\"},\"inLanguage\":\"tr\",\"potentialAction\":[{\"@type\":\"ReadAction\",\"target\":[\"https:\/\/quark-studio.com\/careers\/\"]}]},{\"@type\":\"BreadcrumbList\",\"@id\":\"https:\/\/quark-studio.com\/careers\/#breadcrumb\",\"itemListElement\":[{\"@type\":\"ListItem\",\"position\":1,\"name\":\"Home\",\"item\":\"https:\/\/quark-studio.com\/tr\/\"},{\"@type\":\"ListItem\",\"position\":2,\"name\":\"Careers\"}]},{\"@type\":\"WebSite\",\"@id\":\"https:\/\/quark-studio.com\/#website\",\"url\":\"https:\/\/quark-studio.com\/\",\"name\":\"Quark Studio Architects\",\"description\":\"Architecture | Interior Design | Rendering\",\"publisher\":{\"@id\":\"https:\/\/quark-studio.com\/#organization\"},\"potentialAction\":[{\"@type\":\"SearchAction\",\"target\":{\"@type\":\"EntryPoint\",\"urlTemplate\":\"https:\/\/quark-studio.com\/?s={search_term_string}\"},\"query-input\":{\"@type\":\"PropertyValueSpecification\",\"valueRequired\":true,\"valueName\":\"search_term_string\"}}],\"inLanguage\":\"tr\"},{\"@type\":\"Organization\",\"@id\":\"https:\/\/quark-studio.com\/#organization\",\"name\":\"Quark Studio Architects\",\"url\":\"https:\/\/quark-studio.com\/\",\"logo\":{\"@type\":\"ImageObject\",\"inLanguage\":\"tr\",\"@id\":\"https:\/\/quark-studio.com\/#\/schema\/logo\/image\/\",\"url\":\"https:\/\/quark-studio.com\/wp-content\/uploads\/2019\/07\/Quark-logo.png\",\"contentUrl\":\"https:\/\/quark-studio.com\/wp-content\/uploads\/2019\/07\/Quark-logo.png\",\"width\":1000,\"height\":1029,\"caption\":\"Quark Studio Architects\"},\"image\":{\"@id\":\"https:\/\/quark-studio.com\/#\/schema\/logo\/image\/\"},\"sameAs\":[\"https:\/\/www.facebook.com\/quarkstudio\",\"https:\/\/x.com\/studio_quark\",\"https:\/\/www.instagram.com\/quark.studio\/\",\"https:\/\/www.linkedin.com\/company\/3475001\/admin\/\",\"https:\/\/www.pinterest.co.uk\/caine128\/\",\"https:\/\/www.youtube.com\/channel\/UCrIGfa_jnM13tBaWVRWORjA\"]}]}<\/script>\n<!-- \/ Yoast SEO plugin. -->","yoast_head_json":{"title":"Kariyer | Quark Studio Architects | Architecture | Interior Design","description":"Quark Studio Architects | Kariyer | Quark creates landmark architecture, inspirational interior design, exceptional renderings.","robots":{"index":"index","follow":"follow","max-snippet":"max-snippet:-1","max-image-preview":"max-image-preview:large","max-video-preview":"max-video-preview:-1"},"canonical":"https:\/\/quark-studio.com\/careers\/","og_locale":"tr_TR","og_type":"article","og_title":"Kariyer | Quark Studio Architects | Architecture | Interior Design","og_description":"Quark Studio Architects | Kariyer | Quark creates landmark architecture, inspirational interior design, exceptional renderings.","og_url":"https:\/\/quark-studio.com\/careers\/","og_site_name":"Quark Studio Architects","article_publisher":"https:\/\/www.facebook.com\/quarkstudio","article_modified_time":"2020-07-09T10:18:57+00:00","twitter_card":"summary_large_image","twitter_site":"@studio_quark","twitter_misc":{"Tahmini okuma s\u00fcresi":"3 dakika"},"schema":{"@context":"https:\/\/schema.org","@graph":[{"@type":"WebPage","@id":"https:\/\/quark-studio.com\/careers\/","url":"https:\/\/quark-studio.com\/careers\/","name":"Kariyer | Quark Studio Architects | Architecture | Interior Design","isPartOf":{"@id":"https:\/\/quark-studio.com\/#website"},"datePublished":"2019-06-11T10:18:57+00:00","dateModified":"2020-07-09T10:18:57+00:00","description":"Quark Studio Architects | Kariyer | Quark creates landmark architecture, inspirational interior design, exceptional renderings.","breadcrumb":{"@id":"https:\/\/quark-studio.com\/careers\/#breadcrumb"},"inLanguage":"tr","potentialAction":[{"@type":"ReadAction","target":["https:\/\/quark-studio.com\/careers\/"]}]},{"@type":"BreadcrumbList","@id":"https:\/\/quark-studio.com\/careers\/#breadcrumb","itemListElement":[{"@type":"ListItem","position":1,"name":"Home","item":"https:\/\/quark-studio.com\/tr\/"},{"@type":"ListItem","position":2,"name":"Careers"}]},{"@type":"WebSite","@id":"https:\/\/quark-studio.com\/#website","url":"https:\/\/quark-studio.com\/","name":"Quark Studio Architects","description":"Architecture | Interior Design | Rendering","publisher":{"@id":"https:\/\/quark-studio.com\/#organization"},"potentialAction":[{"@type":"SearchAction","target":{"@type":"EntryPoint","urlTemplate":"https:\/\/quark-studio.com\/?s={search_term_string}"},"query-input":{"@type":"PropertyValueSpecification","valueRequired":true,"valueName":"search_term_string"}}],"inLanguage":"tr"},{"@type":"Organization","@id":"https:\/\/quark-studio.com\/#organization","name":"Quark Studio Architects","url":"https:\/\/quark-studio.com\/","logo":{"@type":"ImageObject","inLanguage":"tr","@id":"https:\/\/quark-studio.com\/#\/schema\/logo\/image\/","url":"https:\/\/quark-studio.com\/wp-content\/uploads\/2019\/07\/Quark-logo.png","contentUrl":"https:\/\/quark-studio.com\/wp-content\/uploads\/2019\/07\/Quark-logo.png","width":1000,"height":1029,"caption":"Quark Studio Architects"},"image":{"@id":"https:\/\/quark-studio.com\/#\/schema\/logo\/image\/"},"sameAs":["https:\/\/www.facebook.com\/quarkstudio","https:\/\/x.com\/studio_quark","https:\/\/www.instagram.com\/quark.studio\/","https:\/\/www.linkedin.com\/company\/3475001\/admin\/","https:\/\/www.pinterest.co.uk\/caine128\/","https:\/\/www.youtube.com\/channel\/UCrIGfa_jnM13tBaWVRWORjA"]}]}},"_links":{"self":[{"href":"https:\/\/quark-studio.com\/tr\/wp-json\/wp\/v2\/pages\/79845","targetHints":{"allow":["GET"]}}],"collection":[{"href":"https:\/\/quark-studio.com\/tr\/wp-json\/wp\/v2\/pages"}],"about":[{"href":"https:\/\/quark-studio.com\/tr\/wp-json\/wp\/v2\/types\/page"}],"author":[{"embeddable":true,"href":"https:\/\/quark-studio.com\/tr\/wp-json\/wp\/v2\/users\/1"}],"replies":[{"embeddable":true,"href":"https:\/\/quark-studio.com\/tr\/wp-json\/wp\/v2\/comments?post=79845"}],"version-history":[{"count":25,"href":"https:\/\/quark-studio.com\/tr\/wp-json\/wp\/v2\/pages\/79845\/revisions"}],"predecessor-version":[{"id":82488,"href":"https:\/\/quark-studio.com\/tr\/wp-json\/wp\/v2\/pages\/79845\/revisions\/82488"}],"wp:attachment":[{"href":"https:\/\/quark-studio.com\/tr\/wp-json\/wp\/v2\/media?parent=79845"}],"curies":[{"name":"wp","href":"https:\/\/api.w.org\/{rel}","templated":true}]}}