{"id":79892,"date":"2019-06-12T19:08:53","date_gmt":"2019-06-12T19:08:53","guid":{"rendered":"http:\/\/quark-studio.com\/?page_id=79892"},"modified":"2021-01-17T13:31:38","modified_gmt":"2021-01-17T13:31:38","slug":"the-team","status":"publish","type":"page","link":"https:\/\/quark-studio.com\/tr\/the-team\/","title":{"rendered":"Ekibimiz"},"content":{"rendered":"<div class=\"wpb-content-wrapper\"><p>[vc_row unlock_row_content=&#8221;yes&#8221; row_height_percent=&#8221;58&#8243; override_padding=&#8221;yes&#8221; h_padding=&#8221;0&#8243; top_padding=&#8221;0&#8243; bottom_padding=&#8221;0&#8243; overlay_alpha=&#8221;50&#8243; equal_height=&#8221;yes&#8221; gutter_size=&#8221;0&#8243; column_width_percent=&#8221;100&#8243; shift_y=&#8221;0&#8243; z_index=&#8221;0&#8243;][vc_column column_width_percent=&#8221;100&#8243; gutter_size=&#8221;0&#8243; overlay_alpha=&#8221;50&#8243; shift_x=&#8221;0&#8243; shift_y=&#8221;0&#8243; z_index=&#8221;0&#8243; medium_width=&#8221;0&#8243; mobile_width=&#8221;0&#8243; width=&#8221;1\/2&#8243;][vc_row_inner row_inner_height_percent=&#8221;50&#8243; back_color=&#8221;color-xsdn&#8221; overlay_alpha=&#8221;50&#8243; gutter_size=&#8221;3&#8243; shift_y=&#8221;0&#8243; z_index=&#8221;0&#8243;][vc_column_inner column_width_percent=&#8221;100&#8243; position_horizontal=&#8221;left&#8221; position_vertical=&#8221;middle&#8221; gutter_size=&#8221;3&#8243; override_padding=&#8221;yes&#8221; column_padding=&#8221;4&#8243; style=&#8221;light&#8221; overlay_alpha=&#8221;50&#8243; shift_x=&#8221;0&#8243; shift_y=&#8221;0&#8243; shift_y_down=&#8221;0&#8243; z_index=&#8221;0&#8243; medium_width=&#8221;0&#8243; mobile_width=&#8221;0&#8243; width=&#8221;1\/1&#8243;][vc_custom_heading heading_semantic=&#8221;h3&#8243; text_size=&#8221;h1&#8243; text_weight=&#8221;400&#8243; text_space=&#8221;fontspace-781688&#8243; separator=&#8221;yes&#8221; separator_color=&#8221;yes&#8221;]Y\u00f6netici Kadromuz[\/vc_custom_heading][vc_column_text text_lead=&#8221;yes&#8221;]G\u00fcc\u00fcm\u00fcz\u00fc, farkl\u0131 uzmanl\u0131k alanlar\u0131nda kayda de\u011fer deneyimlere sahip enerjik profesyonellerden olu\u015fan, kendini i\u015fine adam\u0131\u015f bir ekipten al\u0131yoruz. Quark Studio ana ofisteki 5 mimar ve i\u00e7 tasar\u0131mc\u0131 taraf\u0131ndan y\u00f6netilmektedir.[\/vc_column_text][\/vc_column_inner][\/vc_row_inner][\/vc_column][vc_column width=&#8221;1\/2&#8243;][\/vc_column][\/vc_row][vc_row unlock_row_content=&#8221;yes&#8221; row_height_percent=&#8221;0&#8243; override_padding=&#8221;yes&#8221; h_padding=&#8221;0&#8243; top_padding=&#8221;0&#8243; bottom_padding=&#8221;0&#8243; back_color=&#8221;color-xsdn&#8221; overlay_alpha=&#8221;100&#8243; equal_height=&#8221;yes&#8221; gutter_size=&#8221;0&#8243; column_width_percent=&#8221;100&#8243; shift_y=&#8221;0&#8243; z_index=&#8221;0&#8243; desktop_visibility=&#8221;yes&#8221; medium_visibility=&#8221;yes&#8221; mobile_visibility=&#8221;yes&#8221; style=&#8221;inherited&#8221;][vc_column column_width_percent=&#8221;100&#8243; position_horizontal=&#8221;left&#8221; position_vertical=&#8221;middle&#8221; gutter_size=&#8221;3&#8243; override_padding=&#8221;yes&#8221; column_padding=&#8221;0&#8243; style=&#8221;dark&#8221; overlay_alpha=&#8221;100&#8243; shift_x=&#8221;0&#8243; shift_y=&#8221;0&#8243; medium_width=&#8221;0&#8243; zoom_width=&#8221;0&#8243; zoom_height=&#8221;0&#8243; width=&#8221;1\/1&#8243;][vc_gallery el_id=&#8221;gallery-1&#8243; medias=&#8221;12169,12169,12169,13762&#8243; gutter_size=&#8221;0&#8243; media_items=&#8221;media|lightbox|original,title,caption,sep-one|reduced,team-social&#8221; screen_lg=&#8221;960&#8243; screen_md=&#8221;960&#8243; screen_sm=&#8221;100&#8243; single_width=&#8221;3&#8243; images_size=&#8221;one-one&#8221; single_overlay_color=&#8221;color-wayh&#8221; single_overlay_opacity=&#8221;90&#8243; single_image_anim=&#8221;no&#8221; single_h_align=&#8221;center&#8221; single_padding=&#8221;2&#8243; single_text_reduced=&#8221;yes&#8221; single_title_dimension=&#8221;h4&#8243; single_border=&#8221;yes&#8221; carousel_rtl=&#8221;&#8221; single_title_uppercase=&#8221;&#8221; single_no_background=&#8221;&#8221; title=&#8221;Our Team Members&#8221;][\/vc_column][\/vc_row][vc_row unlock_row_content=&#8221;yes&#8221; row_height_percent=&#8221;50&#8243; override_padding=&#8221;yes&#8221; h_padding=&#8221;0&#8243; top_padding=&#8221;0&#8243; bottom_padding=&#8221;0&#8243; overlay_alpha=&#8221;50&#8243; equal_height=&#8221;yes&#8221; gutter_size=&#8221;0&#8243; shift_y=&#8221;0&#8243;][vc_column column_width_percent=&#8221;100&#8243; gutter_size=&#8221;0&#8243; overlay_alpha=&#8221;50&#8243; shift_x=&#8221;0&#8243; shift_y=&#8221;0&#8243; z_index=&#8221;0&#8243; medium_width=&#8221;0&#8243; mobile_width=&#8221;0&#8243; width=&#8221;1\/2&#8243;][vc_row_inner row_inner_height_percent=&#8221;50&#8243; back_color=&#8221;color-xsdn&#8221; overlay_alpha=&#8221;50&#8243; gutter_size=&#8221;3&#8243; shift_y=&#8221;0&#8243; z_index=&#8221;0&#8243;][vc_column_inner column_width_percent=&#8221;100&#8243; gutter_size=&#8221;3&#8243; override_padding=&#8221;yes&#8221; column_padding=&#8221;4&#8243; overlay_alpha=&#8221;50&#8243; shift_x=&#8221;0&#8243; shift_y=&#8221;0&#8243; z_index=&#8221;0&#8243; medium_width=&#8221;0&#8243; mobile_width=&#8221;0&#8243; width=&#8221;1\/1&#8243;][vc_custom_heading heading_semantic=&#8221;h3&#8243; text_size=&#8221;h1&#8243; text_weight=&#8221;900&#8243; text_space=&#8221;fontspace-781688&#8243; separator=&#8221;yes&#8221; separator_color=&#8221;yes&#8221;]\u00c7al\u0131\u015fma Prensibimiz[\/vc_custom_heading][vc_column_text text_lead=&#8221;yes&#8221;]<\/p>\n<p style=\"text-align: left;\">\u00c7ekirdek ekibimiz, sekt\u00f6rde\u00a0 ortalama 7 y\u0131ll\u0131k deneyime sahip mimarlardan olu\u015fmaktad\u0131r. Geli\u015ftirdi\u011fimiz ve y\u00f6netti\u011fimiz projeler, yar\u0131\u015fmalarda \u00e7e\u015fitli \u00f6d\u00fcller kazanm\u0131\u015ft\u0131r.<\/p>\n<p>[\/vc_column_text][\/vc_column_inner][\/vc_row_inner][vc_row_inner row_inner_height_percent=&#8221;50&#8243; overlay_alpha=&#8221;50&#8243; equal_height=&#8221;yes&#8221; gutter_size=&#8221;0&#8243; shift_y=&#8221;0&#8243;][vc_column_inner column_width_percent=&#8221;100&#8243; align_horizontal=&#8221;align_center&#8221; gutter_size=&#8221;3&#8243; override_padding=&#8221;yes&#8221; column_padding=&#8221;4&#8243; style=&#8221;dark&#8221; back_color=&#8221;color-rgdb&#8221; overlay_alpha=&#8221;50&#8243; shift_x=&#8221;0&#8243; shift_y=&#8221;0&#8243; shift_y_down=&#8221;0&#8243; z_index=&#8221;0&#8243; medium_width=&#8221;0&#8243; mobile_width=&#8221;0&#8243; width=&#8221;1\/2&#8243;][vc_custom_heading heading_semantic=&#8221;h3&#8243; text_size=&#8221;h1&#8243; text_weight=&#8221;900&#8243; text_space=&#8221;fontspace-781688&#8243; separator=&#8221;yes&#8221;]\u015eekillendiriyoruz[\/vc_custom_heading][vc_column_text css_animation=&#8221;zoom-in&#8221;]Yakla\u015f\u0131m\u0131m\u0131z, m\u00fc\u015fterilerin hedefleriyle uyum i\u00e7indedir.[\/vc_column_text][\/vc_column_inner][vc_column_inner column_width_percent=&#8221;100&#8243; align_horizontal=&#8221;align_center&#8221; gutter_size=&#8221;3&#8243; override_padding=&#8221;yes&#8221; column_padding=&#8221;4&#8243; style=&#8221;dark&#8221; back_color=&#8221;color-wayh&#8221; overlay_alpha=&#8221;50&#8243; shift_x=&#8221;0&#8243; shift_y=&#8221;0&#8243; shift_y_down=&#8221;0&#8243; z_index=&#8221;0&#8243; medium_width=&#8221;0&#8243; mobile_width=&#8221;0&#8243; width=&#8221;1\/2&#8243;][vc_custom_heading heading_semantic=&#8221;h3&#8243; text_size=&#8221;h1&#8243; text_weight=&#8221;900&#8243; text_space=&#8221;fontspace-781688&#8243; separator=&#8221;yes&#8221;]\u0130\u015fbirli\u011fi Yap\u0131yoruz[\/vc_custom_heading][vc_column_text css_animation=&#8221;zoom-in&#8221;]G\u00fczel, kullan\u0131\u015fl\u0131, do\u011fal, ula\u015f\u0131labilir ve s\u00fcrd\u00fcr\u00fclebilir projeler yapmak i\u00e7in \u00e7aba sarf ediyoruz.[\/vc_column_text][\/vc_column_inner][\/vc_row_inner][\/vc_column][vc_column column_width_percent=&#8221;100&#8243; gutter_size=&#8221;3&#8243; expand_height=&#8221;yes&#8221; back_image=&#8221;81783&#8243; overlay_alpha=&#8221;50&#8243; shift_x=&#8221;0&#8243; shift_y=&#8221;0&#8243; shift_y_down=&#8221;0&#8243; z_index=&#8221;0&#8243; medium_width=&#8221;0&#8243; mobile_width=&#8221;0&#8243; width=&#8221;1\/2&#8243;][vc_empty_space empty_h=&#8221;5&#8243;][\/vc_column][\/vc_row][vc_row unlock_row_content=&#8221;yes&#8221; row_height_percent=&#8221;0&#8243; override_padding=&#8221;yes&#8221; h_padding=&#8221;0&#8243; top_padding=&#8221;0&#8243; bottom_padding=&#8221;0&#8243; overlay_alpha=&#8221;100&#8243; gutter_size=&#8221;0&#8243; style=&#8221;inherited&#8221;][\/vc_row][vc_row unlock_row_content=&#8221;yes&#8221; row_height_percent=&#8221;0&#8243; override_padding=&#8221;yes&#8221; h_padding=&#8221;0&#8243; top_padding=&#8221;0&#8243; bottom_padding=&#8221;0&#8243; overlay_alpha=&#8221;50&#8243; equal_height=&#8221;yes&#8221; gutter_size=&#8221;0&#8243; shift_y=&#8221;0&#8243;][\/vc_row][vc_row row_height_percent=&#8221;0&#8243; override_padding=&#8221;yes&#8221; h_padding=&#8221;2&#8243; top_padding=&#8221;3&#8243; bottom_padding=&#8221;0&#8243; back_color=&#8221;color-wvjs&#8221; overlay_alpha=&#8221;50&#8243; gutter_size=&#8221;3&#8243; column_width_percent=&#8221;100&#8243; shift_y=&#8221;0&#8243; z_index=&#8221;0&#8243;][vc_column column_width_use_pixel=&#8221;yes&#8221; position_vertical=&#8221;middle&#8221; align_horizontal=&#8221;align_center&#8221; gutter_size=&#8221;3&#8243; style=&#8221;dark&#8221; font_family=&#8221;font-762333&#8243; overlay_alpha=&#8221;50&#8243; shift_x=&#8221;0&#8243; shift_y=&#8221;0&#8243; shift_y_down=&#8221;0&#8243; z_index=&#8221;0&#8243; medium_width=&#8221;0&#8243; mobile_width=&#8221;0&#8243; width=&#8221;1\/1&#8243; column_width_pixel=&#8221;800&#8243;][vc_custom_heading heading_semantic=&#8221;h1&#8243; text_size=&#8221;fontsize-155944&#8243; text_weight=&#8221;500&#8243; text_space=&#8221;fontspace-781688&#8243; subheading=&#8221;Uluslararas\u0131 \u00e7al\u0131\u015f\u0131yoruz ve tasar\u0131mlar\u0131m\u0131za yenilik getirebilmek i\u00e7in, \u00f6nde gelen<br \/>\ndan\u0131\u015fmanl\u0131k ve m\u00fchendislik firmalar\u0131yla i\u015fbirli\u011fi yapman\u0131n \u00f6nemini biliyoruz.&#8221;]\u00c7\u00f6z\u00fcm Ortaklar\u0131m\u0131zla Tan\u0131\u015f\u0131n[\/vc_custom_heading][\/vc_column][\/vc_row][vc_row row_height_percent=&#8221;0&#8243; override_padding=&#8221;yes&#8221; h_padding=&#8221;2&#8243; top_padding=&#8221;3&#8243; bottom_padding=&#8221;3&#8243; back_color=&#8221;color-wvjs&#8221; overlay_alpha=&#8221;100&#8243; gutter_size=&#8221;3&#8243; column_width_percent=&#8221;100&#8243; border_color=&#8221;color-gyho&#8221; border_style=&#8221;solid&#8221; shift_y=&#8221;0&#8243; z_index=&#8221;0&#8243;][vc_column column_width_percent=&#8221;100&#8243; align_horizontal=&#8221;align_center&#8221; gutter_size=&#8221;3&#8243; style=&#8221;dark&#8221; overlay_alpha=&#8221;100&#8243; shift_x=&#8221;0&#8243; shift_y=&#8221;0&#8243; shift_y_down=&#8221;0&#8243; z_index=&#8221;0&#8243; medium_width=&#8221;0&#8243; mobile_width=&#8221;0&#8243; zoom_width=&#8221;0&#8243; zoom_height=&#8221;0&#8243; width=&#8221;1\/1&#8243;][vc_gallery el_id=&#8221;gallery-85457&#8243; type=&#8221;carousel&#8221; medias=&#8221;80750,80752,80753,80754,80755,80756,80757,84296&#8243; carousel_lg=&#8221;7&#8243; carousel_md=&#8221;5&#8243; carousel_sm=&#8221;3&#8243; gutter_size=&#8221;3&#8243; media_items=&#8221;media|nolink|original,icon&#8221; carousel_interval=&#8221;3000&#8243; carousel_navspeed=&#8221;400&#8243; carousel_loop=&#8221;yes&#8221; stage_padding=&#8221;0&#8243; single_overlay_opacity=&#8221;50&#8243; single_overlay_anim=&#8221;no&#8221; single_text_anim=&#8221;no&#8221; single_image_anim=&#8221;no&#8221; single_padding=&#8221;4&#8243; single_border=&#8221;yes&#8221; title=&#8221;Our Partners&#8221;][\/vc_column][\/vc_row]<\/p>\n<\/div>","protected":false},"excerpt":{"rendered":"<p>[vc_row unlock_row_content=&#8221;yes&#8221; row_height_percent=&#8221;58&#8243; override_padding=&#8221;yes&#8221; h_padding=&#8221;0&#8243; top_padding=&#8221;0&#8243; bottom_padding=&#8221;0&#8243; overlay_alpha=&#8221;50&#8243; equal_height=&#8221;yes&#8221; gutter_size=&#8221;0&#8243; column_width_percent=&#8221;100&#8243; shift_y=&#8221;0&#8243; z_index=&#8221;0&#8243;][vc_column column_width_percent=&#8221;100&#8243; gutter_size=&#8221;0&#8243; overlay_alpha=&#8221;50&#8243; shift_x=&#8221;0&#8243; shift_y=&#8221;0&#8243; z_index=&#8221;0&#8243; medium_width=&#8221;0&#8243; [&hellip;]<\/p>\n","protected":false},"author":1,"featured_media":0,"parent":0,"menu_order":0,"comment_status":"closed","ping_status":"closed","template":"","meta":{"footnotes":""},"class_list":["post-79892","page","type-page","status-publish","hentry"],"yoast_head":"<!-- This site is optimized with the Yoast SEO plugin v26.9 - https:\/\/yoast.com\/product\/yoast-seo-wordpress\/ -->\n<title>Ekibimiz | Quark Studio Architects | Architecture | Interior Design<\/title>\n<meta name=\"description\" content=\"Quark Studio Architects | Ekibimiz | Quark creates landmark architecture, inspirational interior design, exceptional renderings.\" \/>\n<meta name=\"robots\" content=\"index, follow, max-snippet:-1, max-image-preview:large, max-video-preview:-1\" \/>\n<link rel=\"canonical\" href=\"https:\/\/quark-studio.com\/the-team\/\" \/>\n<meta property=\"og:locale\" content=\"tr_TR\" \/>\n<meta property=\"og:type\" content=\"article\" \/>\n<meta property=\"og:title\" content=\"Ekibimiz | Quark Studio Architects | Architecture | Interior Design\" \/>\n<meta property=\"og:description\" content=\"Quark Studio Architects | Ekibimiz | Quark creates landmark architecture, inspirational interior design, exceptional renderings.\" \/>\n<meta property=\"og:url\" content=\"https:\/\/quark-studio.com\/the-team\/\" \/>\n<meta property=\"og:site_name\" content=\"Quark Studio Architects\" \/>\n<meta property=\"article:publisher\" content=\"https:\/\/www.facebook.com\/quarkstudio\" \/>\n<meta property=\"article:modified_time\" content=\"2021-01-17T13:31:38+00:00\" \/>\n<meta name=\"twitter:card\" content=\"summary_large_image\" \/>\n<meta name=\"twitter:site\" content=\"@studio_quark\" \/>\n<meta name=\"twitter:label1\" content=\"Tahmini okuma s\u00fcresi\" \/>\n\t<meta name=\"twitter:data1\" content=\"10 dakika\" \/>\n<script type=\"application\/ld+json\" class=\"yoast-schema-graph\">{\"@context\":\"https:\/\/schema.org\",\"@graph\":[{\"@type\":\"WebPage\",\"@id\":\"https:\/\/quark-studio.com\/the-team\/\",\"url\":\"https:\/\/quark-studio.com\/the-team\/\",\"name\":\"Ekibimiz | Quark Studio Architects | Architecture | Interior Design\",\"isPartOf\":{\"@id\":\"https:\/\/quark-studio.com\/#website\"},\"datePublished\":\"2019-06-12T19:08:53+00:00\",\"dateModified\":\"2021-01-17T13:31:38+00:00\",\"description\":\"Quark Studio Architects | Ekibimiz | Quark creates landmark architecture, inspirational interior design, exceptional renderings.\",\"breadcrumb\":{\"@id\":\"https:\/\/quark-studio.com\/the-team\/#breadcrumb\"},\"inLanguage\":\"tr\",\"potentialAction\":[{\"@type\":\"ReadAction\",\"target\":[\"https:\/\/quark-studio.com\/the-team\/\"]}]},{\"@type\":\"BreadcrumbList\",\"@id\":\"https:\/\/quark-studio.com\/the-team\/#breadcrumb\",\"itemListElement\":[{\"@type\":\"ListItem\",\"position\":1,\"name\":\"Home\",\"item\":\"https:\/\/quark-studio.com\/tr\/\"},{\"@type\":\"ListItem\",\"position\":2,\"name\":\"The Team\"}]},{\"@type\":\"WebSite\",\"@id\":\"https:\/\/quark-studio.com\/#website\",\"url\":\"https:\/\/quark-studio.com\/\",\"name\":\"Quark Studio Architects\",\"description\":\"Architecture | Interior Design | Rendering\",\"publisher\":{\"@id\":\"https:\/\/quark-studio.com\/#organization\"},\"potentialAction\":[{\"@type\":\"SearchAction\",\"target\":{\"@type\":\"EntryPoint\",\"urlTemplate\":\"https:\/\/quark-studio.com\/?s={search_term_string}\"},\"query-input\":{\"@type\":\"PropertyValueSpecification\",\"valueRequired\":true,\"valueName\":\"search_term_string\"}}],\"inLanguage\":\"tr\"},{\"@type\":\"Organization\",\"@id\":\"https:\/\/quark-studio.com\/#organization\",\"name\":\"Quark Studio Architects\",\"url\":\"https:\/\/quark-studio.com\/\",\"logo\":{\"@type\":\"ImageObject\",\"inLanguage\":\"tr\",\"@id\":\"https:\/\/quark-studio.com\/#\/schema\/logo\/image\/\",\"url\":\"https:\/\/quark-studio.com\/wp-content\/uploads\/2019\/07\/Quark-logo.png\",\"contentUrl\":\"https:\/\/quark-studio.com\/wp-content\/uploads\/2019\/07\/Quark-logo.png\",\"width\":1000,\"height\":1029,\"caption\":\"Quark Studio Architects\"},\"image\":{\"@id\":\"https:\/\/quark-studio.com\/#\/schema\/logo\/image\/\"},\"sameAs\":[\"https:\/\/www.facebook.com\/quarkstudio\",\"https:\/\/x.com\/studio_quark\",\"https:\/\/www.instagram.com\/quark.studio\/\",\"https:\/\/www.linkedin.com\/company\/3475001\/admin\/\",\"https:\/\/www.pinterest.co.uk\/caine128\/\",\"https:\/\/www.youtube.com\/channel\/UCrIGfa_jnM13tBaWVRWORjA\"]}]}<\/script>\n<!-- \/ Yoast SEO plugin. -->","yoast_head_json":{"title":"Ekibimiz | Quark Studio Architects | Architecture | Interior Design","description":"Quark Studio Architects | Ekibimiz | Quark creates landmark architecture, inspirational interior design, exceptional renderings.","robots":{"index":"index","follow":"follow","max-snippet":"max-snippet:-1","max-image-preview":"max-image-preview:large","max-video-preview":"max-video-preview:-1"},"canonical":"https:\/\/quark-studio.com\/the-team\/","og_locale":"tr_TR","og_type":"article","og_title":"Ekibimiz | Quark Studio Architects | Architecture | Interior Design","og_description":"Quark Studio Architects | Ekibimiz | Quark creates landmark architecture, inspirational interior design, exceptional renderings.","og_url":"https:\/\/quark-studio.com\/the-team\/","og_site_name":"Quark Studio Architects","article_publisher":"https:\/\/www.facebook.com\/quarkstudio","article_modified_time":"2021-01-17T13:31:38+00:00","twitter_card":"summary_large_image","twitter_site":"@studio_quark","twitter_misc":{"Tahmini okuma s\u00fcresi":"10 dakika"},"schema":{"@context":"https:\/\/schema.org","@graph":[{"@type":"WebPage","@id":"https:\/\/quark-studio.com\/the-team\/","url":"https:\/\/quark-studio.com\/the-team\/","name":"Ekibimiz | Quark Studio Architects | Architecture | Interior Design","isPartOf":{"@id":"https:\/\/quark-studio.com\/#website"},"datePublished":"2019-06-12T19:08:53+00:00","dateModified":"2021-01-17T13:31:38+00:00","description":"Quark Studio Architects | Ekibimiz | Quark creates landmark architecture, inspirational interior design, exceptional renderings.","breadcrumb":{"@id":"https:\/\/quark-studio.com\/the-team\/#breadcrumb"},"inLanguage":"tr","potentialAction":[{"@type":"ReadAction","target":["https:\/\/quark-studio.com\/the-team\/"]}]},{"@type":"BreadcrumbList","@id":"https:\/\/quark-studio.com\/the-team\/#breadcrumb","itemListElement":[{"@type":"ListItem","position":1,"name":"Home","item":"https:\/\/quark-studio.com\/tr\/"},{"@type":"ListItem","position":2,"name":"The Team"}]},{"@type":"WebSite","@id":"https:\/\/quark-studio.com\/#website","url":"https:\/\/quark-studio.com\/","name":"Quark Studio Architects","description":"Architecture | Interior Design | Rendering","publisher":{"@id":"https:\/\/quark-studio.com\/#organization"},"potentialAction":[{"@type":"SearchAction","target":{"@type":"EntryPoint","urlTemplate":"https:\/\/quark-studio.com\/?s={search_term_string}"},"query-input":{"@type":"PropertyValueSpecification","valueRequired":true,"valueName":"search_term_string"}}],"inLanguage":"tr"},{"@type":"Organization","@id":"https:\/\/quark-studio.com\/#organization","name":"Quark Studio Architects","url":"https:\/\/quark-studio.com\/","logo":{"@type":"ImageObject","inLanguage":"tr","@id":"https:\/\/quark-studio.com\/#\/schema\/logo\/image\/","url":"https:\/\/quark-studio.com\/wp-content\/uploads\/2019\/07\/Quark-logo.png","contentUrl":"https:\/\/quark-studio.com\/wp-content\/uploads\/2019\/07\/Quark-logo.png","width":1000,"height":1029,"caption":"Quark Studio Architects"},"image":{"@id":"https:\/\/quark-studio.com\/#\/schema\/logo\/image\/"},"sameAs":["https:\/\/www.facebook.com\/quarkstudio","https:\/\/x.com\/studio_quark","https:\/\/www.instagram.com\/quark.studio\/","https:\/\/www.linkedin.com\/company\/3475001\/admin\/","https:\/\/www.pinterest.co.uk\/caine128\/","https:\/\/www.youtube.com\/channel\/UCrIGfa_jnM13tBaWVRWORjA"]}]}},"_links":{"self":[{"href":"https:\/\/quark-studio.com\/tr\/wp-json\/wp\/v2\/pages\/79892","targetHints":{"allow":["GET"]}}],"collection":[{"href":"https:\/\/quark-studio.com\/tr\/wp-json\/wp\/v2\/pages"}],"about":[{"href":"https:\/\/quark-studio.com\/tr\/wp-json\/wp\/v2\/types\/page"}],"author":[{"embeddable":true,"href":"https:\/\/quark-studio.com\/tr\/wp-json\/wp\/v2\/users\/1"}],"replies":[{"embeddable":true,"href":"https:\/\/quark-studio.com\/tr\/wp-json\/wp\/v2\/comments?post=79892"}],"version-history":[{"count":38,"href":"https:\/\/quark-studio.com\/tr\/wp-json\/wp\/v2\/pages\/79892\/revisions"}],"predecessor-version":[{"id":84297,"href":"https:\/\/quark-studio.com\/tr\/wp-json\/wp\/v2\/pages\/79892\/revisions\/84297"}],"wp:attachment":[{"href":"https:\/\/quark-studio.com\/tr\/wp-json\/wp\/v2\/media?parent=79892"}],"curies":[{"name":"wp","href":"https:\/\/api.w.org\/{rel}","templated":true}]}}