{"id":79944,"date":"2019-06-15T10:03:40","date_gmt":"2019-06-15T10:03:40","guid":{"rendered":"http:\/\/quark-studio.com\/?page_id=79944"},"modified":"2022-10-16T14:16:39","modified_gmt":"2022-10-16T14:16:39","slug":"contact","status":"publish","type":"page","link":"https:\/\/quark-studio.com\/tr\/contact\/","title":{"rendered":"Bize Ula\u015f\u0131n"},"content":{"rendered":"<div class=\"wpb-content-wrapper\"><p>[vc_row unlock_row_content=&#8221;yes&#8221; row_height_percent=&#8221;55&#8243; override_padding=&#8221;yes&#8221; h_padding=&#8221;0&#8243; top_padding=&#8221;0&#8243; bottom_padding=&#8221;0&#8243; overlay_alpha=&#8221;50&#8243; equal_height=&#8221;yes&#8221; gutter_size=&#8221;0&#8243; shift_y=&#8221;0&#8243;][vc_column column_width_percent=&#8221;100&#8243; gutter_size=&#8221;3&#8243; override_padding=&#8221;yes&#8221; column_padding=&#8221;4&#8243; style=&#8221;dark&#8221; font_family=&#8221;font-762333&#8243; back_color=&#8221;color-rgdb&#8221; overlay_alpha=&#8221;50&#8243; shift_x=&#8221;0&#8243; shift_y=&#8221;0&#8243; z_index=&#8221;0&#8243; medium_width=&#8221;0&#8243; width=&#8221;8\/12&#8243; mobile_height=&#8221;360&#8243;][vc_gmaps map_color=&#8221;accent&#8221; ui_color=&#8221;accent&#8221; zoom=&#8221;13&#8243; map_saturation=&#8221;-100&#8243; map_brightness=&#8221;0&#8243; latlon=&#8221;40.974453323158826, 29.075527171010496&#8243; uncode_shortcode_id=&#8221;214031&#8243; map_color_type=&#8221;uncode-palette&#8221; ui_color_type=&#8221;uncode-palette&#8221;][\/vc_column][vc_column column_width_percent=&#8221;100&#8243; position_vertical=&#8221;middle&#8221; align_horizontal=&#8221;align_center&#8221; gutter_size=&#8221;3&#8243; override_padding=&#8221;yes&#8221; column_padding=&#8221;4&#8243; style=&#8221;dark&#8221; back_color=&#8221;color-vyce&#8221; back_image=&#8221;80619&#8243; overlay_color=&#8221;color-vyce&#8221; overlay_alpha=&#8221;85&#8243; shift_x=&#8221;0&#8243; shift_y=&#8221;0&#8243; shift_y_down=&#8221;0&#8243; z_index=&#8221;0&#8243; medium_width=&#8221;0&#8243; mobile_width=&#8221;0&#8243; width=&#8221;4\/12&#8243;][vc_custom_heading heading_semantic=&#8221;h3&#8243; text_size=&#8221;h1&#8243; text_weight=&#8221;900&#8243; text_space=&#8221;fontspace-781688&#8243; separator=&#8221;yes&#8221; separator_color=&#8221;yes&#8221;]T\u00fcrkiye[\/vc_custom_heading][vc_column_text text_lead=&#8221;yes&#8221; uncode_shortcode_id=&#8221;211936&#8243;]<\/p>\n<p style=\"text-align: center;\">Erenk\u00f6y Mah. Ethem Efendi Cd.<br \/>\nNo:76 Onur Tarman Apartman\u0131<br \/>\nK: 3 D:5 34738 \u0130stanbul, TR<br \/>\n+90 212 231 32 30<br \/>\n+90 538 494 82 44<\/p>\n<p>[\/vc_column_text][vc_button radius=&#8221;btn-square&#8221; outline=&#8221;yes&#8221; border_width=&#8221;0&#8243; link=&#8221;url:%20mailto%3Amail%40quark-studio.com||target:%20_blank|&#8221;]B\u0130ZE YAZIN[\/vc_button][\/vc_column][\/vc_row][vc_row unlock_row_content=&#8221;yes&#8221; row_height_percent=&#8221;55&#8243; override_padding=&#8221;yes&#8221; h_padding=&#8221;0&#8243; top_padding=&#8221;0&#8243; bottom_padding=&#8221;0&#8243; overlay_alpha=&#8221;50&#8243; equal_height=&#8221;yes&#8221; gutter_size=&#8221;0&#8243; shift_y=&#8221;0&#8243;][vc_column column_width_percent=&#8221;100&#8243; position_vertical=&#8221;middle&#8221; align_horizontal=&#8221;align_center&#8221; gutter_size=&#8221;3&#8243; back_color=&#8221;color-xsdn&#8221; back_image=&#8221;80621&#8243; overlay_color=&#8221;color-xsdn&#8221; overlay_alpha=&#8221;84&#8243; shift_x=&#8221;0&#8243; shift_y=&#8221;0&#8243; shift_y_down=&#8221;0&#8243; z_index=&#8221;0&#8243; medium_width=&#8221;0&#8243; mobile_width=&#8221;0&#8243; width=&#8221;4\/12&#8243;][vc_custom_heading heading_semantic=&#8221;h3&#8243; text_size=&#8221;h1&#8243; text_weight=&#8221;900&#8243; text_space=&#8221;fontspace-781688&#8243; separator=&#8221;yes&#8221; separator_color=&#8221;yes&#8221;]\u0130talya[\/vc_custom_heading][vc_column_text text_lead=&#8221;yes&#8221;]<\/p>\n<p style=\"text-align: center;\">\u0130talya Temsilcimiz<br \/>\nArch. MARCO ALTEA<br \/>\nAlghero, Sardinia<br \/>\n+39 347 777 7471<\/p>\n<p>[\/vc_column_text][vc_button radius=&#8221;btn-square&#8221; outline=&#8221;yes&#8221; border_width=&#8221;0&#8243; link=&#8221;url:%20mailto%3Amarco%40quark-studio.com||target:%20_blank|&#8221;]B\u0130ZE YAZIN[\/vc_button][\/vc_column][vc_column column_width_percent=&#8221;100&#8243; position_vertical=&#8221;middle&#8221; align_horizontal=&#8221;align_center&#8221; gutter_size=&#8221;3&#8243; override_padding=&#8221;yes&#8221; column_padding=&#8221;4&#8243; style=&#8221;dark&#8221; back_color=&#8221;color-jevc&#8221; back_image=&#8221;80620&#8243; overlay_color=&#8221;color-jevc&#8221; overlay_alpha=&#8221;65&#8243; shift_x=&#8221;0&#8243; shift_y=&#8221;0&#8243; shift_y_down=&#8221;0&#8243; z_index=&#8221;0&#8243; medium_width=&#8221;0&#8243; mobile_width=&#8221;0&#8243; width=&#8221;4\/12&#8243;][vc_custom_heading heading_semantic=&#8221;h3&#8243; text_size=&#8221;h1&#8243; text_weight=&#8221;900&#8243; text_space=&#8221;fontspace-781688&#8243; separator=&#8221;yes&#8221;]Tanzanya[\/vc_custom_heading][vc_column_text text_lead=&#8221;yes&#8221;]<\/p>\n<p style=\"text-align: center;\">ANCHOR PROJECT LTD.<br \/>\nToure Drive 320 House No.8<br \/>\nOyster Bay, Dar Es Salaam, TZ<br \/>\n+255 769 739 798<\/p>\n<p>[\/vc_column_text][vc_button radius=&#8221;btn-square&#8221; outline=&#8221;yes&#8221; border_width=&#8221;0&#8243; link=&#8221;url:%20mailto%3Amail%40quark-studio.com||target:%20_blank|&#8221;]B\u0130ZE YAZIN[\/vc_button][\/vc_column][vc_column column_width_percent=&#8221;100&#8243; gutter_size=&#8221;3&#8243; override_padding=&#8221;yes&#8221; column_padding=&#8221;4&#8243; style=&#8221;dark&#8221; font_family=&#8221;font-762333&#8243; back_color=&#8221;color-rgdb&#8221; overlay_alpha=&#8221;50&#8243; shift_x=&#8221;0&#8243; shift_y=&#8221;0&#8243; z_index=&#8221;0&#8243; medium_width=&#8221;0&#8243; width=&#8221;4\/12&#8243; mobile_height=&#8221;360&#8243;][vc_gmaps map_color=&#8221;accent&#8221; ui_color=&#8221;accent&#8221; zoom=&#8221;13&#8243; map_saturation=&#8221;-100&#8243; map_brightness=&#8221;0&#8243; latlon=&#8221;-6.754780, 39.287513&#8243; uncode_shortcode_id=&#8221;157941&#8243; map_color_type=&#8221;uncode-palette&#8221; ui_color_type=&#8221;uncode-palette&#8221;][\/vc_column][\/vc_row][vc_row row_height_percent=&#8221;0&#8243; override_padding=&#8221;yes&#8221; h_padding=&#8221;2&#8243; top_padding=&#8221;4&#8243; bottom_padding=&#8221;3&#8243; back_color=&#8221;color-lxmt&#8221; overlay_alpha=&#8221;100&#8243; gutter_size=&#8221;4&#8243; column_width_percent=&#8221;100&#8243; shift_y=&#8221;0&#8243; z_index=&#8221;0&#8243; style=&#8221;inherited&#8221;][vc_column column_width_use_pixel=&#8221;yes&#8221; align_horizontal=&#8221;align_center&#8221; gutter_size=&#8221;4&#8243; overlay_alpha=&#8221;100&#8243; shift_x=&#8221;0&#8243; shift_y=&#8221;0&#8243; shift_y_down=&#8221;0&#8243; z_index=&#8221;0&#8243; medium_width=&#8221;100&#8243; mobile_width=&#8221;0&#8243; zoom_width=&#8221;0&#8243; zoom_height=&#8221;0&#8243; width=&#8221;1\/1&#8243; column_width_pixel=&#8221;1000&#8243;][vc_row_inner row_inner_height_percent=&#8221;0&#8243; overlay_alpha=&#8221;100&#8243; gutter_size=&#8221;3&#8243; shift_y=&#8221;0&#8243; z_index=&#8221;0&#8243;][vc_column_inner column_width_use_pixel=&#8221;yes&#8221; align_horizontal=&#8221;align_center&#8221; gutter_size=&#8221;3&#8243; overlay_alpha=&#8221;100&#8243; shift_x=&#8221;0&#8243; shift_y=&#8221;0&#8243; shift_y_down=&#8221;0&#8243; z_index=&#8221;0&#8243; medium_width=&#8221;0&#8243; mobile_width=&#8221;0&#8243; zoom_width=&#8221;0&#8243; zoom_height=&#8221;0&#8243; width=&#8221;1\/1&#8243; column_width_pixel=&#8221;900&#8243;][vc_custom_heading text_size=&#8221;fontsize-155944&#8243; text_weight=&#8221;400&#8243; text_space=&#8221;fontspace-781688&#8243; css_animation=&#8221;typewriter&#8221; animation_speed=&#8221;900&#8243; interval_animation=&#8221;40&#8243; subheading=&#8221;\u0130novatif fikirlerle geli\u015fiyoruz, ancak zekice tasarlanm\u0131\u015f bir konseptin \u00f6l\u00e7\u00fclebilir sonu\u00e7larla desteklenmesi gerekti\u011finin fark\u0131nday\u0131z.&#8221;]PROJEN\u0130Z HAKKINDA KONU\u015eALIM[\/vc_custom_heading][\/vc_column_inner][\/vc_row_inner]\n<div class=\"wpcf7 no-js\" id=\"wpcf7-f82493-o2\" lang=\"en-US\" dir=\"ltr\" data-wpcf7-id=\"82493\">\n<div class=\"screen-reader-response\"><p role=\"status\" aria-live=\"polite\" aria-atomic=\"true\"><\/p> <ul><\/ul><\/div>\n<form action=\"\/tr\/wp-json\/wp\/v2\/pages\/79944#wpcf7-f82493-o2\" method=\"post\" class=\"wpcf7-form init\" aria-label=\"Contact form\" novalidate=\"novalidate\" data-status=\"init\">\n<div style=\"display: none;\">\n<input type=\"hidden\" name=\"_wpcf7\" value=\"82493\" \/>\n<input type=\"hidden\" name=\"_wpcf7_version\" value=\"6.0.6\" \/>\n<input type=\"hidden\" name=\"_wpcf7_locale\" value=\"en_US\" \/>\n<input type=\"hidden\" name=\"_wpcf7_unit_tag\" value=\"wpcf7-f82493-o2\" \/>\n<input type=\"hidden\" name=\"_wpcf7_container_post\" value=\"0\" \/>\n<input type=\"hidden\" name=\"_wpcf7_posted_data_hash\" value=\"\" \/>\n<\/div>\n<p><span class=\"wpcf7-form-control-wrap\" data-name=\"your-firstname\"><input size=\"40\" maxlength=\"400\" class=\"wpcf7-form-control wpcf7-text wpcf7-validates-as-required form-fluid form-xl\" aria-required=\"true\" aria-invalid=\"false\" placeholder=\"\u0130sim\" value=\"\" type=\"text\" name=\"your-firstname\" \/><\/span>\n<\/p>\n<p><span class=\"wpcf7-form-control-wrap\" data-name=\"email-536\"><input size=\"40\" maxlength=\"400\" class=\"wpcf7-form-control wpcf7-email wpcf7-validates-as-required wpcf7-text wpcf7-validates-as-email form-fluid form-xl\" aria-required=\"true\" aria-invalid=\"false\" placeholder=\"Email\" value=\"\" type=\"email\" name=\"email-536\" \/><\/span>\n<\/p>\n<p><span class=\"wpcf7-form-control-wrap\" data-name=\"your-message\"><textarea cols=\"40\" rows=\"10\" maxlength=\"2000\" class=\"wpcf7-form-control wpcf7-textarea form-xl\" aria-invalid=\"false\" placeholder=\"Mesaj\" name=\"your-message\"><\/textarea><\/span>\n<\/p>\n<p><input class=\"wpcf7-form-control wpcf7-submit has-spinner btn btn-accent btn-xl\" type=\"submit\" value=\"Formu G\u00f6nder\" \/>\n<\/p><div class=\"wpcf7-response-output\" aria-hidden=\"true\"><\/div>\n<\/form>\n<\/div>\n[\/vc_column][\/vc_row]<\/p>\n<\/div>","protected":false},"excerpt":{"rendered":"<p>[vc_row unlock_row_content=&#8221;yes&#8221; row_height_percent=&#8221;55&#8243; override_padding=&#8221;yes&#8221; h_padding=&#8221;0&#8243; top_padding=&#8221;0&#8243; bottom_padding=&#8221;0&#8243; overlay_alpha=&#8221;50&#8243; equal_height=&#8221;yes&#8221; gutter_size=&#8221;0&#8243; shift_y=&#8221;0&#8243;][vc_column column_width_percent=&#8221;100&#8243; gutter_size=&#8221;3&#8243; override_padding=&#8221;yes&#8221; column_padding=&#8221;4&#8243; style=&#8221;dark&#8221; font_family=&#8221;font-762333&#8243; back_color=&#8221;color-rgdb&#8221; overlay_alpha=&#8221;50&#8243; shift_x=&#8221;0&#8243; [&hellip;]<\/p>\n","protected":false},"author":1,"featured_media":0,"parent":0,"menu_order":0,"comment_status":"closed","ping_status":"closed","template":"","meta":{"footnotes":""},"class_list":["post-79944","page","type-page","status-publish","hentry"],"yoast_head":"<!-- This site is optimized with the Yoast SEO plugin v26.9 - https:\/\/yoast.com\/product\/yoast-seo-wordpress\/ -->\n<title>(EN) Bize Ula\u015f\u0131n | Quark Studio Architects | Architecture | Interior Design<\/title>\n<meta name=\"description\" content=\"(EN) Quark Studio Architects is a design oriented practice focused on innovative approaches to architecture, interior design and architectural visualisation.\" \/>\n<meta name=\"robots\" content=\"index, follow, max-snippet:-1, max-image-preview:large, max-video-preview:-1\" \/>\n<link rel=\"canonical\" href=\"https:\/\/quark-studio.com\/tr\/contact\/\" \/>\n<meta property=\"og:locale\" content=\"tr_TR\" \/>\n<meta property=\"og:type\" content=\"article\" \/>\n<meta property=\"og:title\" content=\"(EN) Bize Ula\u015f\u0131n | Quark Studio Architects | Architecture | Interior Design\" \/>\n<meta property=\"og:description\" content=\"(EN) Quark Studio Architects is a design oriented practice focused on innovative approaches to architecture, interior design and architectural visualisation.\" \/>\n<meta property=\"og:url\" content=\"https:\/\/quark-studio.com\/tr\/contact\/\" \/>\n<meta property=\"og:site_name\" content=\"Quark Studio Architects\" \/>\n<meta property=\"article:publisher\" content=\"https:\/\/www.facebook.com\/quarkstudio\" \/>\n<meta property=\"article:modified_time\" content=\"2022-10-16T14:16:39+00:00\" \/>\n<meta name=\"twitter:card\" content=\"summary_large_image\" \/>\n<meta name=\"twitter:site\" content=\"@studio_quark\" \/>\n<meta name=\"twitter:label1\" content=\"Tahmini okuma s\u00fcresi\" \/>\n\t<meta name=\"twitter:data1\" content=\"2 dakika\" \/>\n<script type=\"application\/ld+json\" class=\"yoast-schema-graph\">{\"@context\":\"https:\/\/schema.org\",\"@graph\":[{\"@type\":\"WebPage\",\"@id\":\"https:\/\/quark-studio.com\/tr\/contact\/\",\"url\":\"https:\/\/quark-studio.com\/tr\/contact\/\",\"name\":\"(EN) Bize Ula\u015f\u0131n | Quark Studio Architects | Architecture | Interior Design\",\"isPartOf\":{\"@id\":\"https:\/\/quark-studio.com\/#website\"},\"datePublished\":\"2019-06-15T10:03:40+00:00\",\"dateModified\":\"2022-10-16T14:16:39+00:00\",\"description\":\"(EN) Quark Studio Architects is a design oriented practice focused on innovative approaches to architecture, interior design and architectural visualisation.\",\"breadcrumb\":{\"@id\":\"https:\/\/quark-studio.com\/tr\/contact\/#breadcrumb\"},\"inLanguage\":\"tr\",\"potentialAction\":[{\"@type\":\"ReadAction\",\"target\":[\"https:\/\/quark-studio.com\/tr\/contact\/\"]}]},{\"@type\":\"BreadcrumbList\",\"@id\":\"https:\/\/quark-studio.com\/tr\/contact\/#breadcrumb\",\"itemListElement\":[{\"@type\":\"ListItem\",\"position\":1,\"name\":\"Home\",\"item\":\"https:\/\/quark-studio.com\/tr\/\"},{\"@type\":\"ListItem\",\"position\":2,\"name\":\"Bize Ula\u015f\u0131n\"}]},{\"@type\":\"WebSite\",\"@id\":\"https:\/\/quark-studio.com\/#website\",\"url\":\"https:\/\/quark-studio.com\/\",\"name\":\"Quark Studio Architects\",\"description\":\"Architecture | Interior Design | Rendering\",\"publisher\":{\"@id\":\"https:\/\/quark-studio.com\/#organization\"},\"potentialAction\":[{\"@type\":\"SearchAction\",\"target\":{\"@type\":\"EntryPoint\",\"urlTemplate\":\"https:\/\/quark-studio.com\/?s={search_term_string}\"},\"query-input\":{\"@type\":\"PropertyValueSpecification\",\"valueRequired\":true,\"valueName\":\"search_term_string\"}}],\"inLanguage\":\"tr\"},{\"@type\":\"Organization\",\"@id\":\"https:\/\/quark-studio.com\/#organization\",\"name\":\"Quark Studio Architects\",\"url\":\"https:\/\/quark-studio.com\/\",\"logo\":{\"@type\":\"ImageObject\",\"inLanguage\":\"tr\",\"@id\":\"https:\/\/quark-studio.com\/#\/schema\/logo\/image\/\",\"url\":\"https:\/\/quark-studio.com\/wp-content\/uploads\/2019\/07\/Quark-logo.png\",\"contentUrl\":\"https:\/\/quark-studio.com\/wp-content\/uploads\/2019\/07\/Quark-logo.png\",\"width\":1000,\"height\":1029,\"caption\":\"Quark Studio Architects\"},\"image\":{\"@id\":\"https:\/\/quark-studio.com\/#\/schema\/logo\/image\/\"},\"sameAs\":[\"https:\/\/www.facebook.com\/quarkstudio\",\"https:\/\/x.com\/studio_quark\",\"https:\/\/www.instagram.com\/quark.studio\/\",\"https:\/\/www.linkedin.com\/company\/3475001\/admin\/\",\"https:\/\/www.pinterest.co.uk\/caine128\/\",\"https:\/\/www.youtube.com\/channel\/UCrIGfa_jnM13tBaWVRWORjA\"]}]}<\/script>\n<!-- \/ Yoast SEO plugin. -->","yoast_head_json":{"title":"(EN) Bize Ula\u015f\u0131n | Quark Studio Architects | Architecture | Interior Design","description":"(EN) Quark Studio Architects is a design oriented practice focused on innovative approaches to architecture, interior design and architectural visualisation.","robots":{"index":"index","follow":"follow","max-snippet":"max-snippet:-1","max-image-preview":"max-image-preview:large","max-video-preview":"max-video-preview:-1"},"canonical":"https:\/\/quark-studio.com\/tr\/contact\/","og_locale":"tr_TR","og_type":"article","og_title":"(EN) Bize Ula\u015f\u0131n | Quark Studio Architects | Architecture | Interior Design","og_description":"(EN) Quark Studio Architects is a design oriented practice focused on innovative approaches to architecture, interior design and architectural visualisation.","og_url":"https:\/\/quark-studio.com\/tr\/contact\/","og_site_name":"Quark Studio Architects","article_publisher":"https:\/\/www.facebook.com\/quarkstudio","article_modified_time":"2022-10-16T14:16:39+00:00","twitter_card":"summary_large_image","twitter_site":"@studio_quark","twitter_misc":{"Tahmini okuma s\u00fcresi":"2 dakika"},"schema":{"@context":"https:\/\/schema.org","@graph":[{"@type":"WebPage","@id":"https:\/\/quark-studio.com\/tr\/contact\/","url":"https:\/\/quark-studio.com\/tr\/contact\/","name":"(EN) Bize Ula\u015f\u0131n | Quark Studio Architects | Architecture | Interior Design","isPartOf":{"@id":"https:\/\/quark-studio.com\/#website"},"datePublished":"2019-06-15T10:03:40+00:00","dateModified":"2022-10-16T14:16:39+00:00","description":"(EN) Quark Studio Architects is a design oriented practice focused on innovative approaches to architecture, interior design and architectural visualisation.","breadcrumb":{"@id":"https:\/\/quark-studio.com\/tr\/contact\/#breadcrumb"},"inLanguage":"tr","potentialAction":[{"@type":"ReadAction","target":["https:\/\/quark-studio.com\/tr\/contact\/"]}]},{"@type":"BreadcrumbList","@id":"https:\/\/quark-studio.com\/tr\/contact\/#breadcrumb","itemListElement":[{"@type":"ListItem","position":1,"name":"Home","item":"https:\/\/quark-studio.com\/tr\/"},{"@type":"ListItem","position":2,"name":"Bize Ula\u015f\u0131n"}]},{"@type":"WebSite","@id":"https:\/\/quark-studio.com\/#website","url":"https:\/\/quark-studio.com\/","name":"Quark Studio Architects","description":"Architecture | Interior Design | Rendering","publisher":{"@id":"https:\/\/quark-studio.com\/#organization"},"potentialAction":[{"@type":"SearchAction","target":{"@type":"EntryPoint","urlTemplate":"https:\/\/quark-studio.com\/?s={search_term_string}"},"query-input":{"@type":"PropertyValueSpecification","valueRequired":true,"valueName":"search_term_string"}}],"inLanguage":"tr"},{"@type":"Organization","@id":"https:\/\/quark-studio.com\/#organization","name":"Quark Studio Architects","url":"https:\/\/quark-studio.com\/","logo":{"@type":"ImageObject","inLanguage":"tr","@id":"https:\/\/quark-studio.com\/#\/schema\/logo\/image\/","url":"https:\/\/quark-studio.com\/wp-content\/uploads\/2019\/07\/Quark-logo.png","contentUrl":"https:\/\/quark-studio.com\/wp-content\/uploads\/2019\/07\/Quark-logo.png","width":1000,"height":1029,"caption":"Quark Studio Architects"},"image":{"@id":"https:\/\/quark-studio.com\/#\/schema\/logo\/image\/"},"sameAs":["https:\/\/www.facebook.com\/quarkstudio","https:\/\/x.com\/studio_quark","https:\/\/www.instagram.com\/quark.studio\/","https:\/\/www.linkedin.com\/company\/3475001\/admin\/","https:\/\/www.pinterest.co.uk\/caine128\/","https:\/\/www.youtube.com\/channel\/UCrIGfa_jnM13tBaWVRWORjA"]}]}},"_links":{"self":[{"href":"https:\/\/quark-studio.com\/tr\/wp-json\/wp\/v2\/pages\/79944","targetHints":{"allow":["GET"]}}],"collection":[{"href":"https:\/\/quark-studio.com\/tr\/wp-json\/wp\/v2\/pages"}],"about":[{"href":"https:\/\/quark-studio.com\/tr\/wp-json\/wp\/v2\/types\/page"}],"author":[{"embeddable":true,"href":"https:\/\/quark-studio.com\/tr\/wp-json\/wp\/v2\/users\/1"}],"replies":[{"embeddable":true,"href":"https:\/\/quark-studio.com\/tr\/wp-json\/wp\/v2\/comments?post=79944"}],"version-history":[{"count":6,"href":"https:\/\/quark-studio.com\/tr\/wp-json\/wp\/v2\/pages\/79944\/revisions"}],"predecessor-version":[{"id":84885,"href":"https:\/\/quark-studio.com\/tr\/wp-json\/wp\/v2\/pages\/79944\/revisions\/84885"}],"wp:attachment":[{"href":"https:\/\/quark-studio.com\/tr\/wp-json\/wp\/v2\/media?parent=79944"}],"curies":[{"name":"wp","href":"https:\/\/api.w.org\/{rel}","templated":true}]}}