{"id":80696,"date":"2019-07-19T14:19:19","date_gmt":"2019-07-19T14:19:19","guid":{"rendered":"https:\/\/quark-studio.com\/?page_id=80696"},"modified":"2021-10-30T07:46:51","modified_gmt":"2021-10-30T07:46:51","slug":"our-timeline","status":"publish","type":"page","link":"https:\/\/quark-studio.com\/tr\/our-timeline\/","title":{"rendered":"Zaman T\u00fcneli"},"content":{"rendered":"<div class=\"wpb-content-wrapper\"><p>[vc_row unlock_row_content=&#8221;yes&#8221; row_height_percent=&#8221;50&#8243; override_padding=&#8221;yes&#8221; h_padding=&#8221;0&#8243; top_padding=&#8221;0&#8243; bottom_padding=&#8221;0&#8243; overlay_alpha=&#8221;100&#8243; equal_height=&#8221;yes&#8221; gutter_size=&#8221;0&#8243; column_width_percent=&#8221;100&#8243; shift_y=&#8221;0&#8243; z_index=&#8221;0&#8243; style=&#8221;inherited&#8221;][vc_column column_width_percent=&#8221;100&#8243; position_vertical=&#8221;middle&#8221; align_horizontal=&#8221;align_center&#8221; gutter_size=&#8221;3&#8243; override_padding=&#8221;yes&#8221; column_padding=&#8221;2&#8243; style=&#8221;dark&#8221; back_image=&#8221;84492&#8243; overlay_color=&#8221;color-143410&#8243; overlay_alpha=&#8221;50&#8243; shift_x=&#8221;0&#8243; shift_y=&#8221;0&#8243; shift_y_down=&#8221;0&#8243; z_index=&#8221;0&#8243; medium_width=&#8221;0&#8243; mobile_width=&#8221;0&#8243; width=&#8221;1\/3&#8243; uncode_shortcode_id=&#8221;178908&#8243; overlay_color_type=&#8221;uncode-palette&#8221;][vc_icon icon=&#8221;fa fa-genius&#8221; size=&#8221;fa-3x&#8221; text_size=&#8221;h1&#8243; align=&#8221;&#8221; title=&#8221;2021&#8243; uncode_shortcode_id=&#8221;127709&#8243;]Quark Studio Architects recently received A\u2019 Design Award 2021 Bronze prize in the Architecture, Building and Structure Design Category with Skygarden Villas Bodrum, Turkey Project.[\/vc_icon][\/vc_column][vc_column column_width_percent=&#8221;100&#8243; position_vertical=&#8221;middle&#8221; align_horizontal=&#8221;align_center&#8221; gutter_size=&#8221;3&#8243; override_padding=&#8221;yes&#8221; column_padding=&#8221;5&#8243; style=&#8221;dark&#8221; back_color=&#8221;color-192215&#8243; back_image=&#8221;82501&#8243; overlay_color=&#8221;color-rgdb&#8221; overlay_alpha=&#8221;72&#8243; shift_x=&#8221;0&#8243; shift_y=&#8221;0&#8243; shift_y_down=&#8221;0&#8243; z_index=&#8221;0&#8243; medium_width=&#8221;3&#8243; mobile_width=&#8221;0&#8243; css_animation=&#8221;zoom-in&#8221; animation_delay=&#8221;400&#8243; zoom_width=&#8221;0&#8243; zoom_height=&#8221;0&#8243; width=&#8221;1\/3&#8243;][vc_icon icon=&#8221;fa fa-genius&#8221; size=&#8221;fa-3x&#8221; text_size=&#8221;h1&#8243; align=&#8221;&#8221; title=&#8221;2020&#8243;]Quark Studio Architects recently received A\u2019 Design Award 2020 Iron prize in the Interior Design category with Dijlah Village Complex Baghdad, Iraq Project. It is an award given annually in Milano, Italy and it is one of the prestigious awards in the architecture industry.[\/vc_icon][\/vc_column][vc_column column_width_percent=&#8221;100&#8243; position_horizontal=&#8221;left&#8221; position_vertical=&#8221;middle&#8221; align_horizontal=&#8221;align_center&#8221; gutter_size=&#8221;3&#8243; override_padding=&#8221;yes&#8221; column_padding=&#8221;5&#8243; back_color=&#8221;color-xsdn&#8221; overlay_alpha=&#8221;100&#8243; shift_x=&#8221;0&#8243; shift_y=&#8221;0&#8243; medium_width=&#8221;3&#8243; css_animation=&#8221;zoom-in&#8221; zoom_width=&#8221;0&#8243; zoom_height=&#8221;0&#8243; width=&#8221;1\/3&#8243;][vc_icon icon=&#8221;fa fa-profile-male&#8221; size=&#8221;fa-3x&#8221; text_font=&#8221;font-156269&#8243; text_size=&#8221;h1&#8243; align=&#8221;&#8221; title=&#8221;2019&#8243;]<\/p>\n<p style=\"text-align: center;\">Quark, 2019 y\u0131l\u0131nda Roma\u2019da ger\u00e7ekle\u015fen Perspective EU 2019\u2019da, \u201cOtelcilik, butik hosteller, kalite ve hizmetler d\u00fcnyas\u0131\u201d konulu panele konu\u015fmac\u0131 olarak se\u00e7ildi.<\/p>\n<p>[\/vc_icon][\/vc_column][\/vc_row][vc_row unlock_row_content=&#8221;yes&#8221; row_height_percent=&#8221;50&#8243; override_padding=&#8221;yes&#8221; h_padding=&#8221;0&#8243; top_padding=&#8221;0&#8243; bottom_padding=&#8221;0&#8243; back_color=&#8221;color-xsdn&#8221; overlay_alpha=&#8221;100&#8243; equal_height=&#8221;yes&#8221; gutter_size=&#8221;0&#8243; column_width_percent=&#8221;100&#8243; shift_y=&#8221;0&#8243; z_index=&#8221;0&#8243; style=&#8221;inherited&#8221;][vc_column column_width_percent=&#8221;100&#8243; position_horizontal=&#8221;left&#8221; position_vertical=&#8221;middle&#8221; align_horizontal=&#8221;align_center&#8221; gutter_size=&#8221;3&#8243; override_padding=&#8221;yes&#8221; column_padding=&#8221;5&#8243; style=&#8221;dark&#8221; back_color=&#8221;color-xsdn&#8221; back_image=&#8221;80427&#8243; overlay_color=&#8221;color-vyce&#8221; overlay_alpha=&#8221;80&#8243; shift_x=&#8221;0&#8243; shift_y=&#8221;0&#8243; shift_y_down=&#8221;0&#8243; z_index=&#8221;0&#8243; medium_width=&#8221;3&#8243; mobile_width=&#8221;0&#8243; css_animation=&#8221;zoom-in&#8221; animation_delay=&#8221;200&#8243; zoom_width=&#8221;0&#8243; zoom_height=&#8221;0&#8243; width=&#8221;1\/3&#8243;][vc_icon icon=&#8221;fa fa-puzzle&#8221; size=&#8221;fa-3x&#8221; text_font=&#8221;font-156269&#8243; text_size=&#8221;h1&#8243; align=&#8221;&#8221; title=&#8221;2018&#8243;]<\/p>\n<p style=\"text-align: center;\">Quark, Bodrum, T\u00fcrkiye\u2019de, 82.000 m\u00b2\u2019lik bir konut projesi olan LUX* Resort &amp; Residences\u2019\u0131 tamamlad\u0131.<\/p>\n<p>[\/vc_icon][\/vc_column][vc_column column_width_percent=&#8221;100&#8243; position_horizontal=&#8221;left&#8221; position_vertical=&#8221;middle&#8221; align_horizontal=&#8221;align_center&#8221; gutter_size=&#8221;3&#8243; override_padding=&#8221;yes&#8221; column_padding=&#8221;5&#8243; back_color=&#8221;color-xsdn&#8221; overlay_alpha=&#8221;100&#8243; shift_x=&#8221;0&#8243; shift_y=&#8221;0&#8243; shift_y_down=&#8221;0&#8243; z_index=&#8221;0&#8243; medium_width=&#8221;3&#8243; mobile_width=&#8221;0&#8243; css_animation=&#8221;zoom-in&#8221; zoom_width=&#8221;0&#8243; zoom_height=&#8221;0&#8243; width=&#8221;1\/3&#8243; mobile_height=&#8221;260&#8243;][vc_icon icon=&#8221;fa fa-layers2&#8243; size=&#8221;fa-3x&#8221; text_font=&#8221;font-156269&#8243; text_size=&#8221;h1&#8243; align=&#8221;&#8221; title=&#8221;2018&#8243;]<\/p>\n<p style=\"text-align: center;\">Quark, Irak\u2019ta ger\u00e7ekle\u015ftirece\u011fi ilk projeyi \u00fcstlendi: Ba\u011fdat\u2019da yer alan Dijlah Village Entertainment Complex.<\/p>\n<p>[\/vc_icon][\/vc_column][vc_column column_width_percent=&#8221;100&#8243; position_horizontal=&#8221;left&#8221; position_vertical=&#8221;middle&#8221; align_horizontal=&#8221;align_center&#8221; gutter_size=&#8221;3&#8243; override_padding=&#8221;yes&#8221; column_padding=&#8221;5&#8243; style=&#8221;dark&#8221; back_color=&#8221;color-lxmt&#8221; back_image=&#8221;80620&#8243; overlay_color=&#8221;color-742106&#8243; overlay_alpha=&#8221;80&#8243; shift_x=&#8221;0&#8243; shift_y=&#8221;0&#8243; shift_y_down=&#8221;0&#8243; z_index=&#8221;0&#8243; medium_width=&#8221;3&#8243; mobile_width=&#8221;0&#8243; css_animation=&#8221;zoom-in&#8221; animation_delay=&#8221;400&#8243; zoom_width=&#8221;0&#8243; zoom_height=&#8221;0&#8243; width=&#8221;1\/3&#8243; mobile_height=&#8221;260&#8243;][vc_icon icon=&#8221;fa fa-hotairballoon&#8221; size=&#8221;fa-3x&#8221; text_font=&#8221;font-156269&#8243; text_size=&#8221;h1&#8243; align=&#8221;&#8221; title=&#8221;2018&#8243;]<\/p>\n<p style=\"text-align: center;\">Quark, Afrika\u2019da faaliyetlerine ba\u015flamak amac\u0131yla Anchor Project LTD. ile i\u015f ortakl\u0131\u011f\u0131 kurdu. Dar\u00fcsselam, Tanzanya\u2019da ilk ofis a\u00e7\u0131l\u0131\u015f\u0131.<\/p>\n<p>[\/vc_icon][\/vc_column][\/vc_row][vc_row unlock_row_content=&#8221;yes&#8221; row_height_percent=&#8221;50&#8243; override_padding=&#8221;yes&#8221; h_padding=&#8221;0&#8243; top_padding=&#8221;0&#8243; bottom_padding=&#8221;0&#8243; back_color=&#8221;color-xsdn&#8221; overlay_alpha=&#8221;100&#8243; equal_height=&#8221;yes&#8221; gutter_size=&#8221;0&#8243; column_width_percent=&#8221;100&#8243; shift_y=&#8221;0&#8243; z_index=&#8221;0&#8243; style=&#8221;inherited&#8221;][vc_column column_width_percent=&#8221;100&#8243; position_vertical=&#8221;middle&#8221; align_horizontal=&#8221;align_center&#8221; gutter_size=&#8221;3&#8243; override_padding=&#8221;yes&#8221; column_padding=&#8221;5&#8243; back_color=&#8221;color-xsdn&#8221; overlay_alpha=&#8221;50&#8243; shift_x=&#8221;0&#8243; shift_y=&#8221;0&#8243; medium_width=&#8221;3&#8243; css_animation=&#8221;zoom-in&#8221; animation_delay=&#8221;400&#8243; zoom_width=&#8221;0&#8243; zoom_height=&#8221;0&#8243; width=&#8221;1\/3&#8243;][vc_icon icon=&#8221;fa fa-circle-compass&#8221; size=&#8221;fa-3x&#8221; text_font=&#8221;font-156269&#8243; text_size=&#8221;h1&#8243; align=&#8221;&#8221; title=&#8221;2017&#8243;]<\/p>\n<p style=\"text-align: center;\">Quark, \u0130stanbul, T\u00fcrkiye\u2019de yer alan 28.000 m\u00b2\u2019lik bir ofis binas\u0131 olan, WBC \u0130\u015f Merkezi\u2019ni tamamlad\u0131.<\/p>\n<p>[\/vc_icon][\/vc_column][vc_column column_width_percent=&#8221;100&#8243; position_horizontal=&#8221;left&#8221; position_vertical=&#8221;middle&#8221; align_horizontal=&#8221;align_center&#8221; gutter_size=&#8221;3&#8243; override_padding=&#8221;yes&#8221; column_padding=&#8221;5&#8243; style=&#8221;dark&#8221; back_image=&#8221;80451&#8243; overlay_color=&#8221;color-vyce&#8221; overlay_alpha=&#8221;81&#8243; shift_x=&#8221;0&#8243; shift_y=&#8221;0&#8243; shift_y_down=&#8221;0&#8243; z_index=&#8221;0&#8243; medium_width=&#8221;0&#8243; mobile_width=&#8221;0&#8243; width=&#8221;1\/3&#8243;][vc_icon icon=&#8221;fa fa-pencil4&#8243; size=&#8221;fa-3x&#8221; text_font=&#8221;font-156269&#8243; text_size=&#8221;h1&#8243; align=&#8221;&#8221; title=&#8221;2015&#8243;]<\/p>\n<p style=\"text-align: center;\">\u0130talya\u2019da ilk proje : Sardinya Adas\u0131\u2019nda Villa. Marco Altea, Quark\u2019\u0131n \u0130talya temsilcisi olarak \u0130talya\u2019ya ta\u015f\u0131nd\u0131.<\/p>\n<p>[\/vc_icon][\/vc_column][vc_column column_width_percent=&#8221;100&#8243; position_horizontal=&#8221;left&#8221; position_vertical=&#8221;middle&#8221; align_horizontal=&#8221;align_center&#8221; gutter_size=&#8221;3&#8243; override_padding=&#8221;yes&#8221; column_padding=&#8221;5&#8243; back_color=&#8221;color-xsdn&#8221; overlay_alpha=&#8221;100&#8243; shift_x=&#8221;0&#8243; shift_y=&#8221;0&#8243; medium_width=&#8221;3&#8243; css_animation=&#8221;zoom-in&#8221; zoom_width=&#8221;0&#8243; zoom_height=&#8221;0&#8243; width=&#8221;1\/3&#8243;][vc_icon icon=&#8221;fa fa-heart2&#8243; size=&#8221;fa-3x&#8221; text_font=&#8221;font-156269&#8243; text_size=&#8221;h1&#8243; align=&#8221;&#8221; title=&#8221;2012&#8243;]<\/p>\n<p style=\"text-align: center;\">Quark Studio, 2012 y\u0131l\u0131 bahar\u0131nda, Marco Altea ve Ayk \u00c7avu\u015fyan taraf\u0131ndan, \u0130stanbul, T\u00fcrkiye\u2019de kuruldu.<\/p>\n<p>[\/vc_icon][\/vc_column][\/vc_row][vc_row unlock_row_content=&#8221;yes&#8221; row_height_percent=&#8221;50&#8243; override_padding=&#8221;yes&#8221; h_padding=&#8221;0&#8243; top_padding=&#8221;0&#8243; bottom_padding=&#8221;0&#8243; back_color=&#8221;color-xsdn&#8221; overlay_alpha=&#8221;100&#8243; equal_height=&#8221;yes&#8221; gutter_size=&#8221;0&#8243; column_width_percent=&#8221;100&#8243; shift_y=&#8221;0&#8243; z_index=&#8221;0&#8243; style=&#8221;inherited&#8221;][vc_column column_width_percent=&#8221;100&#8243; position_vertical=&#8221;middle&#8221; align_horizontal=&#8221;align_center&#8221; gutter_size=&#8221;3&#8243; override_padding=&#8221;yes&#8221; column_padding=&#8221;5&#8243; style=&#8221;dark&#8221; back_color=&#8221;color-wvjs&#8221; overlay_alpha=&#8221;50&#8243; shift_x=&#8221;0&#8243; shift_y=&#8221;0&#8243; shift_y_down=&#8221;0&#8243; z_index=&#8221;0&#8243; medium_width=&#8221;3&#8243; mobile_width=&#8221;0&#8243; css_animation=&#8221;zoom-in&#8221; animation_delay=&#8221;400&#8243; zoom_width=&#8221;0&#8243; zoom_height=&#8221;0&#8243; width=&#8221;1\/1&#8243;][vc_icon icon=&#8221;fa fa-genius&#8221; size=&#8221;fa-3x&#8221; text_font=&#8221;font-156269&#8243; text_size=&#8221;h1&#8243; align=&#8221;&#8221; title=&#8221;Geli\u015fimimiz&#8221;]\u015eirketimizi, muhte\u015fem tasar\u0131mlar\u0131n, sadece toplumlar\u0131, k\u00fclt\u00fcrel ve sosyal a\u00e7\u0131dan derinden anlayan ki\u015filer taraf\u0131ndan ger\u00e7ekle\u015ftirilece\u011fi inanc\u0131 \u00fczerine kuruyoruz. Bu temel d\u00fc\u015f\u00fcnceyi daima akl\u0131m\u0131zda tutarak, y\u0131llar i\u00e7inde her anlamda geli\u015ftik &#8211; ve her ge\u00e7en g\u00fcn de geli\u015fmeye devam ediyoruz &#8211; ancak hedeflerimiz de\u011fi\u015fmedi. \u00c7al\u0131\u015f\u0131rken e\u011flen ve mevcut olan en iyi teknolojiyi kullan. Yapabilece\u011fin en iyi \u00fcr\u00fcn\u00fc tasarla ve yarat. Sekt\u00f6r\u00fcn en iyileriyle rekabet et. En iyisinden \u00f6\u011fren. Esas olana odaklan. Her t\u00fcrl\u00fc ileti\u015fimde a\u00e7\u0131kl\u0131\u011f\u0131 ve sayg\u0131y\u0131 g\u00f6zet. S\u00fcrekli \u00f6\u011fren. Bildiklerini payla\u015f.<\/p>\n<p>[\/vc_icon][\/vc_column][\/vc_row]<\/p>\n<\/div>","protected":false},"excerpt":{"rendered":"<p>[vc_row unlock_row_content=&#8221;yes&#8221; row_height_percent=&#8221;50&#8243; override_padding=&#8221;yes&#8221; h_padding=&#8221;0&#8243; top_padding=&#8221;0&#8243; bottom_padding=&#8221;0&#8243; overlay_alpha=&#8221;100&#8243; equal_height=&#8221;yes&#8221; gutter_size=&#8221;0&#8243; column_width_percent=&#8221;100&#8243; shift_y=&#8221;0&#8243; z_index=&#8221;0&#8243; style=&#8221;inherited&#8221;][vc_column column_width_percent=&#8221;100&#8243; position_vertical=&#8221;middle&#8221; align_horizontal=&#8221;align_center&#8221; gutter_size=&#8221;3&#8243; override_padding=&#8221;yes&#8221; column_padding=&#8221;2&#8243; [&hellip;]<\/p>\n","protected":false},"author":1,"featured_media":0,"parent":0,"menu_order":0,"comment_status":"closed","ping_status":"closed","template":"","meta":{"footnotes":""},"class_list":["post-80696","page","type-page","status-publish","hentry"],"yoast_head":"<!-- This site is optimized with the Yoast SEO plugin v26.9 - https:\/\/yoast.com\/product\/yoast-seo-wordpress\/ -->\n<title>Zaman T\u00fcneli | Quark Studio Architects | Architecture | Interior Design<\/title>\n<meta name=\"description\" content=\"Quark Studio Architects | Zaman T\u00fcneli | Quark creates landmark architecture, inspirational interior design, exceptional renderings.\" \/>\n<meta name=\"robots\" content=\"index, follow, max-snippet:-1, max-image-preview:large, max-video-preview:-1\" \/>\n<link rel=\"canonical\" href=\"https:\/\/quark-studio.com\/our-timeline\/\" \/>\n<meta property=\"og:locale\" content=\"tr_TR\" \/>\n<meta property=\"og:type\" content=\"article\" \/>\n<meta property=\"og:title\" content=\"Zaman T\u00fcneli | Quark Studio Architects | Architecture | Interior Design\" \/>\n<meta property=\"og:description\" content=\"Quark Studio Architects | Zaman T\u00fcneli | Quark creates landmark architecture, inspirational interior design, exceptional renderings.\" \/>\n<meta property=\"og:url\" content=\"https:\/\/quark-studio.com\/our-timeline\/\" \/>\n<meta property=\"og:site_name\" content=\"Quark Studio Architects\" \/>\n<meta property=\"article:publisher\" content=\"https:\/\/www.facebook.com\/quarkstudio\" \/>\n<meta property=\"article:modified_time\" content=\"2021-10-30T07:46:51+00:00\" \/>\n<meta name=\"twitter:card\" content=\"summary_large_image\" \/>\n<meta name=\"twitter:site\" content=\"@studio_quark\" \/>\n<meta name=\"twitter:label1\" content=\"Tahmini okuma s\u00fcresi\" \/>\n\t<meta name=\"twitter:data1\" content=\"3 dakika\" \/>\n<script type=\"application\/ld+json\" class=\"yoast-schema-graph\">{\"@context\":\"https:\/\/schema.org\",\"@graph\":[{\"@type\":\"WebPage\",\"@id\":\"https:\/\/quark-studio.com\/our-timeline\/\",\"url\":\"https:\/\/quark-studio.com\/our-timeline\/\",\"name\":\"Zaman T\u00fcneli | Quark Studio Architects | Architecture | Interior Design\",\"isPartOf\":{\"@id\":\"https:\/\/quark-studio.com\/#website\"},\"datePublished\":\"2019-07-19T14:19:19+00:00\",\"dateModified\":\"2021-10-30T07:46:51+00:00\",\"description\":\"Quark Studio Architects | Zaman T\u00fcneli | Quark creates landmark architecture, inspirational interior design, exceptional renderings.\",\"breadcrumb\":{\"@id\":\"https:\/\/quark-studio.com\/our-timeline\/#breadcrumb\"},\"inLanguage\":\"tr\",\"potentialAction\":[{\"@type\":\"ReadAction\",\"target\":[\"https:\/\/quark-studio.com\/our-timeline\/\"]}]},{\"@type\":\"BreadcrumbList\",\"@id\":\"https:\/\/quark-studio.com\/our-timeline\/#breadcrumb\",\"itemListElement\":[{\"@type\":\"ListItem\",\"position\":1,\"name\":\"Home\",\"item\":\"https:\/\/quark-studio.com\/tr\/\"},{\"@type\":\"ListItem\",\"position\":2,\"name\":\"Our Timeline\"}]},{\"@type\":\"WebSite\",\"@id\":\"https:\/\/quark-studio.com\/#website\",\"url\":\"https:\/\/quark-studio.com\/\",\"name\":\"Quark Studio Architects\",\"description\":\"Architecture | Interior Design | Rendering\",\"publisher\":{\"@id\":\"https:\/\/quark-studio.com\/#organization\"},\"potentialAction\":[{\"@type\":\"SearchAction\",\"target\":{\"@type\":\"EntryPoint\",\"urlTemplate\":\"https:\/\/quark-studio.com\/?s={search_term_string}\"},\"query-input\":{\"@type\":\"PropertyValueSpecification\",\"valueRequired\":true,\"valueName\":\"search_term_string\"}}],\"inLanguage\":\"tr\"},{\"@type\":\"Organization\",\"@id\":\"https:\/\/quark-studio.com\/#organization\",\"name\":\"Quark Studio Architects\",\"url\":\"https:\/\/quark-studio.com\/\",\"logo\":{\"@type\":\"ImageObject\",\"inLanguage\":\"tr\",\"@id\":\"https:\/\/quark-studio.com\/#\/schema\/logo\/image\/\",\"url\":\"https:\/\/quark-studio.com\/wp-content\/uploads\/2019\/07\/Quark-logo.png\",\"contentUrl\":\"https:\/\/quark-studio.com\/wp-content\/uploads\/2019\/07\/Quark-logo.png\",\"width\":1000,\"height\":1029,\"caption\":\"Quark Studio Architects\"},\"image\":{\"@id\":\"https:\/\/quark-studio.com\/#\/schema\/logo\/image\/\"},\"sameAs\":[\"https:\/\/www.facebook.com\/quarkstudio\",\"https:\/\/x.com\/studio_quark\",\"https:\/\/www.instagram.com\/quark.studio\/\",\"https:\/\/www.linkedin.com\/company\/3475001\/admin\/\",\"https:\/\/www.pinterest.co.uk\/caine128\/\",\"https:\/\/www.youtube.com\/channel\/UCrIGfa_jnM13tBaWVRWORjA\"]}]}<\/script>\n<!-- \/ Yoast SEO plugin. -->","yoast_head_json":{"title":"Zaman T\u00fcneli | Quark Studio Architects | Architecture | Interior Design","description":"Quark Studio Architects | Zaman T\u00fcneli | Quark creates landmark architecture, inspirational interior design, exceptional renderings.","robots":{"index":"index","follow":"follow","max-snippet":"max-snippet:-1","max-image-preview":"max-image-preview:large","max-video-preview":"max-video-preview:-1"},"canonical":"https:\/\/quark-studio.com\/our-timeline\/","og_locale":"tr_TR","og_type":"article","og_title":"Zaman T\u00fcneli | Quark Studio Architects | Architecture | Interior Design","og_description":"Quark Studio Architects | Zaman T\u00fcneli | Quark creates landmark architecture, inspirational interior design, exceptional renderings.","og_url":"https:\/\/quark-studio.com\/our-timeline\/","og_site_name":"Quark Studio Architects","article_publisher":"https:\/\/www.facebook.com\/quarkstudio","article_modified_time":"2021-10-30T07:46:51+00:00","twitter_card":"summary_large_image","twitter_site":"@studio_quark","twitter_misc":{"Tahmini okuma s\u00fcresi":"3 dakika"},"schema":{"@context":"https:\/\/schema.org","@graph":[{"@type":"WebPage","@id":"https:\/\/quark-studio.com\/our-timeline\/","url":"https:\/\/quark-studio.com\/our-timeline\/","name":"Zaman T\u00fcneli | Quark Studio Architects | Architecture | Interior Design","isPartOf":{"@id":"https:\/\/quark-studio.com\/#website"},"datePublished":"2019-07-19T14:19:19+00:00","dateModified":"2021-10-30T07:46:51+00:00","description":"Quark Studio Architects | Zaman T\u00fcneli | Quark creates landmark architecture, inspirational interior design, exceptional renderings.","breadcrumb":{"@id":"https:\/\/quark-studio.com\/our-timeline\/#breadcrumb"},"inLanguage":"tr","potentialAction":[{"@type":"ReadAction","target":["https:\/\/quark-studio.com\/our-timeline\/"]}]},{"@type":"BreadcrumbList","@id":"https:\/\/quark-studio.com\/our-timeline\/#breadcrumb","itemListElement":[{"@type":"ListItem","position":1,"name":"Home","item":"https:\/\/quark-studio.com\/tr\/"},{"@type":"ListItem","position":2,"name":"Our Timeline"}]},{"@type":"WebSite","@id":"https:\/\/quark-studio.com\/#website","url":"https:\/\/quark-studio.com\/","name":"Quark Studio Architects","description":"Architecture | Interior Design | Rendering","publisher":{"@id":"https:\/\/quark-studio.com\/#organization"},"potentialAction":[{"@type":"SearchAction","target":{"@type":"EntryPoint","urlTemplate":"https:\/\/quark-studio.com\/?s={search_term_string}"},"query-input":{"@type":"PropertyValueSpecification","valueRequired":true,"valueName":"search_term_string"}}],"inLanguage":"tr"},{"@type":"Organization","@id":"https:\/\/quark-studio.com\/#organization","name":"Quark Studio Architects","url":"https:\/\/quark-studio.com\/","logo":{"@type":"ImageObject","inLanguage":"tr","@id":"https:\/\/quark-studio.com\/#\/schema\/logo\/image\/","url":"https:\/\/quark-studio.com\/wp-content\/uploads\/2019\/07\/Quark-logo.png","contentUrl":"https:\/\/quark-studio.com\/wp-content\/uploads\/2019\/07\/Quark-logo.png","width":1000,"height":1029,"caption":"Quark Studio Architects"},"image":{"@id":"https:\/\/quark-studio.com\/#\/schema\/logo\/image\/"},"sameAs":["https:\/\/www.facebook.com\/quarkstudio","https:\/\/x.com\/studio_quark","https:\/\/www.instagram.com\/quark.studio\/","https:\/\/www.linkedin.com\/company\/3475001\/admin\/","https:\/\/www.pinterest.co.uk\/caine128\/","https:\/\/www.youtube.com\/channel\/UCrIGfa_jnM13tBaWVRWORjA"]}]}},"_links":{"self":[{"href":"https:\/\/quark-studio.com\/tr\/wp-json\/wp\/v2\/pages\/80696","targetHints":{"allow":["GET"]}}],"collection":[{"href":"https:\/\/quark-studio.com\/tr\/wp-json\/wp\/v2\/pages"}],"about":[{"href":"https:\/\/quark-studio.com\/tr\/wp-json\/wp\/v2\/types\/page"}],"author":[{"embeddable":true,"href":"https:\/\/quark-studio.com\/tr\/wp-json\/wp\/v2\/users\/1"}],"replies":[{"embeddable":true,"href":"https:\/\/quark-studio.com\/tr\/wp-json\/wp\/v2\/comments?post=80696"}],"version-history":[{"count":5,"href":"https:\/\/quark-studio.com\/tr\/wp-json\/wp\/v2\/pages\/80696\/revisions"}],"predecessor-version":[{"id":84689,"href":"https:\/\/quark-studio.com\/tr\/wp-json\/wp\/v2\/pages\/80696\/revisions\/84689"}],"wp:attachment":[{"href":"https:\/\/quark-studio.com\/tr\/wp-json\/wp\/v2\/media?parent=80696"}],"curies":[{"name":"wp","href":"https:\/\/api.w.org\/{rel}","templated":true}]}}