{"id":80863,"date":"2019-07-21T10:46:57","date_gmt":"2019-07-21T10:46:57","guid":{"rendered":"https:\/\/quark-studio.com\/?page_id=80863"},"modified":"2020-07-10T11:01:00","modified_gmt":"2020-07-10T11:01:00","slug":"restoration","status":"publish","type":"page","link":"https:\/\/quark-studio.com\/tr\/restoration\/","title":{"rendered":"Restorasyon"},"content":{"rendered":"<div class=\"wpb-content-wrapper\"><p>[vc_row unlock_row_content=&#8221;yes&#8221; row_height_percent=&#8221;0&#8243; override_padding=&#8221;yes&#8221; h_padding=&#8221;0&#8243; top_padding=&#8221;0&#8243; bottom_padding=&#8221;0&#8243; overlay_alpha=&#8221;100&#8243; equal_height=&#8221;yes&#8221; gutter_size=&#8221;0&#8243; shift_y=&#8221;0&#8243;][vc_column column_width_percent=&#8221;100&#8243; position_horizontal=&#8221;left&#8221; override_padding=&#8221;yes&#8221; column_padding=&#8221;5&#8243; style=&#8221;dark&#8221; back_color=&#8221;color-gyho&#8221; back_image=&#8221;80876&#8243; overlay_color=&#8221;color-jevc&#8221; overlay_alpha=&#8221;66&#8243; gutter_size=&#8221;3&#8243; medium_width=&#8221;0&#8243; mobile_width=&#8221;0&#8243; shift_x=&#8221;0&#8243; shift_y=&#8221;0&#8243; shift_y_down=&#8221;0&#8243; z_index=&#8221;0&#8243; zoom_width=&#8221;0&#8243; zoom_height=&#8221;0&#8243; width=&#8221;1\/3&#8243;][vc_custom_heading heading_semantic=&#8221;h3&#8243; text_size=&#8221;h3&#8243; text_weight=&#8221;700&#8243; text_transform=&#8221;uppercase&#8221; sub_reduced=&#8221;yes&#8221; text_uppercase=&#8221;&#8221;]Misyonumuz[\/vc_custom_heading][vc_separator][vc_column_text]Quark Restorasyon ekibi, k\u00fclt\u00fcrel ve do\u011fal miras\u0131n korunmas\u0131 i\u00e7in gereken teknik ekibe sahiptir. Ekibimiz, restorasyonla ilgili bilgi ve fark\u0131ndal\u0131\u011fa, s\u00fcre\u00e7le ilgili deneyime, pratik ve teorik becerilere sahiptir ve i\u015fini severek yapar.[\/vc_column_text][\/vc_column][vc_column column_width_percent=&#8221;100&#8243; override_padding=&#8221;yes&#8221; column_padding=&#8221;5&#8243; back_color=&#8221;color-xsdn&#8221; overlay_alpha=&#8221;50&#8243; gutter_size=&#8221;3&#8243; medium_width=&#8221;0&#8243; mobile_width=&#8221;0&#8243; shift_x=&#8221;0&#8243; shift_y=&#8221;0&#8243; shift_y_down=&#8221;0&#8243; z_index=&#8221;0&#8243; zoom_width=&#8221;0&#8243; zoom_height=&#8221;0&#8243; width=&#8221;2\/3&#8243;][vc_custom_heading heading_semantic=&#8221;h3&#8243; text_size=&#8221;h3&#8243; text_weight=&#8221;700&#8243; text_transform=&#8221;uppercase&#8221; sub_reduced=&#8221;yes&#8221; text_uppercase=&#8221;&#8221;]Dahil Oldu\u011fumuz Projeler[\/vc_custom_heading][vc_separator]<\/p>\n<p>&nbsp;<\/p>\n<p>[vc_progress_bar values=&#8221;%5B%7B%22label%22%3A%22Ayasofya%20Konaklar%C4%B1%20%7C%20Mimarhane%20Mimarl%C4%B1k%20%7C%20233%20sqm%22%2C%22value%22%3A%22100%22%7D%2C%7B%22label%22%3A%22%C4%B0stanbul%20Valili%C4%9Fi%20Bab-%C4%B1%20Al%C3%AE%20Binas%C4%B1%20%7C%20AKROPOL%20%7C%205400%20sqm%22%2C%22value%22%3A%22100%22%7D%2C%7B%22label%22%3A%22%C3%87apa%20T%C4%B1p%20Fak%C3%BCltesi%20Acil%20Servis%20Binas%C4%B1%20%7C%20ZH%20K%C4%B1l%C4%B1%C3%A7%20Mimarl%C4%B1k%20%7C%203200%20sqm%22%2C%22value%22%3A%22100%22%7D%2C%7B%22label%22%3A%22%C3%87apa%20T%C4%B1p%20Fak%C3%BCltesi%20N%C3%B6roloji%20Binas%C4%B1%20%7C%20ZH%20K%C4%B1l%C4%B1%C3%A7%20Mimarl%C4%B1k%20%7C%204100%20sqm%22%2C%22value%22%3A%22100%22%7D%2C%7B%22label%22%3A%22Bay%C4%B1nd%C4%B1r%20Belediye%20Hizmet%20Binas%C4%B1%20%7C%20AKROPOL%20%7C%201440%20sqm%22%2C%22value%22%3A%22100%22%7D%2C%7B%22label%22%3A%22Bay%C4%B1nd%C4%B1r%20Rum%20Ortodoks%20Kilisesi%20%7C%20AKROPOL%20%7C%201052%20sqm%22%2C%22value%22%3A%22100%22%7D%2C%7B%22label%22%3A%22R%C3%BCstempa%C5%9Fa%20Camii%2C%20%C4%B0stanbul%20%7C%20ATE%20YAPI%20%7C%201288%20sqm%22%2C%22value%22%3A%22100%22%7D%2C%7B%22label%22%3A%22Be%C5%9Fikta%C5%9F%20K%C4%B1rm%C4%B1z%C4%B1%20Konak%2C%20%C4%B0stanbul%20%7C%20ZH%20K%C4%B1l%C4%B1%C3%A7%20Mimarl%C4%B1k%20%7C%20192%20sqm%22%2C%22value%22%3A%22100%22%7D%2C%7B%22label%22%3A%22%C5%9Ei%C5%9Fli%20Atat%C3%BCrk%20M%C3%BCzesi%2C%20%C4%B0stanbul%20%7C%20Almira%20Mimarl%C4%B1k%20%7C%20585%20sqm%22%2C%22value%22%3A%22100%22%7D%2C%7B%22label%22%3A%22B%C3%BCy%C3%BCk%20Sinasos%20Kona%C4%9F%C4%B1%2C%20Nev%C5%9Fehir%20%7C%20Nar%20Yap%C4%B1%20%7C%203800%20sqm%22%2C%22value%22%3A%22100%22%7D%2C%7B%22label%22%3A%22Hac%C4%B1%20Kavaslar%20Evi%2C%20Kastamonu%20%7C%20N%C4%B0L%C5%9EEN%20%C4%B0n%C5%9Faat%20%7C%20897%20sqm%22%2C%22value%22%3A%22100%22%7D%2C%7B%22label%22%3A%22K%C4%B1rklareli%20Rum%20Okulu%20Yatakhane%20Binas%C4%B1%20%7C%20N%C4%B0L%C5%9EEN%20%C4%B0n%C5%9Faat%20%7C%20300%20sqm%22%2C%22value%22%3A%22100%22%7D%2C%7B%22label%22%3A%22%C4%B0stanbul%20An%C4%B1tlar%20Kurulu%20Binas%C4%B1%20%7C%20ZH%20K%C4%B1l%C4%B1%C3%A7%20Mimarl%C4%B1k%20%7C%209500%20sqm%22%2C%22value%22%3A%22100%22%7D%2C%7B%22label%22%3A%22Yunan%20Konsoloslu%C4%9Fu%20Binas%C4%B1%2C%20%C4%B0zmir%20%7C%20Pehlivano%C4%9Flu%20Mimarl%C4%B1k%20%7C%20512%20sqm%22%2C%22value%22%3A%22100%22%7D%2C%7B%22label%22%3A%22K%C3%BCpelio%C4%9Flu%20Kona%C4%9F%C4%B1%2C%20Ayd%C4%B1n%20%7C%20Pehlivano%C4%9Flu%20Mimarl%C4%B1k%20%7C%20538%20sqm%22%2C%22value%22%3A%22100%22%7D%2C%7B%22label%22%3A%22Be%C5%9F%20Konaklar%20B%C3%BCy%C3%BCk%20Konak%2C%20Malatya%20%7C%20N%C4%B0L%C5%9EEN%20%C4%B0n%C5%9Faat%20%7C%20450%20sqm%22%2C%22value%22%3A%22100%22%7D%5D&#8221; bar_color=&#8221;accent&#8221; units=&#8221;%&#8221;][\/vc_column][\/vc_row]<\/p>\n<\/div>","protected":false},"excerpt":{"rendered":"<p>[vc_row unlock_row_content=&#8221;yes&#8221; row_height_percent=&#8221;0&#8243; override_padding=&#8221;yes&#8221; h_padding=&#8221;0&#8243; top_padding=&#8221;0&#8243; bottom_padding=&#8221;0&#8243; overlay_alpha=&#8221;100&#8243; equal_height=&#8221;yes&#8221; gutter_size=&#8221;0&#8243; shift_y=&#8221;0&#8243;][vc_column column_width_percent=&#8221;100&#8243; position_horizontal=&#8221;left&#8221; override_padding=&#8221;yes&#8221; column_padding=&#8221;5&#8243; style=&#8221;dark&#8221; back_color=&#8221;color-gyho&#8221; back_image=&#8221;80876&#8243; overlay_color=&#8221;color-jevc&#8221; overlay_alpha=&#8221;66&#8243; [&hellip;]<\/p>\n","protected":false},"author":1,"featured_media":0,"parent":0,"menu_order":0,"comment_status":"closed","ping_status":"closed","template":"","meta":{"footnotes":""},"class_list":["post-80863","page","type-page","status-publish","hentry"],"yoast_head":"<!-- This site is optimized with the Yoast SEO plugin v26.9 - https:\/\/yoast.com\/product\/yoast-seo-wordpress\/ -->\n<title>Restorasyon | Quark Studio Architects | Architecture | Interior Design<\/title>\n<meta name=\"description\" content=\"Quark Restoration, executes necessary processes through which the material, historical, and design integrity of any built heritage are prolonged.\" \/>\n<meta name=\"robots\" content=\"index, follow, max-snippet:-1, max-image-preview:large, max-video-preview:-1\" \/>\n<link rel=\"canonical\" href=\"https:\/\/quark-studio.com\/restoration\/\" \/>\n<meta property=\"og:locale\" content=\"tr_TR\" \/>\n<meta property=\"og:type\" content=\"article\" \/>\n<meta property=\"og:title\" content=\"Restorasyon | Quark Studio Architects | Architecture | Interior Design\" \/>\n<meta property=\"og:description\" content=\"Quark Restoration, executes necessary processes through which the material, historical, and design integrity of any built heritage are prolonged.\" \/>\n<meta property=\"og:url\" content=\"https:\/\/quark-studio.com\/restoration\/\" \/>\n<meta property=\"og:site_name\" content=\"Quark Studio Architects\" \/>\n<meta property=\"article:publisher\" content=\"https:\/\/www.facebook.com\/quarkstudio\" \/>\n<meta property=\"article:modified_time\" content=\"2020-07-10T11:01:00+00:00\" \/>\n<meta name=\"twitter:card\" content=\"summary_large_image\" \/>\n<meta name=\"twitter:site\" content=\"@studio_quark\" \/>\n<meta name=\"twitter:label1\" content=\"Tahmini okuma s\u00fcresi\" \/>\n\t<meta name=\"twitter:data1\" content=\"7 dakika\" \/>\n<script type=\"application\/ld+json\" class=\"yoast-schema-graph\">{\"@context\":\"https:\/\/schema.org\",\"@graph\":[{\"@type\":\"WebPage\",\"@id\":\"https:\/\/quark-studio.com\/restoration\/\",\"url\":\"https:\/\/quark-studio.com\/restoration\/\",\"name\":\"Restorasyon | Quark Studio Architects | Architecture | Interior Design\",\"isPartOf\":{\"@id\":\"https:\/\/quark-studio.com\/#website\"},\"datePublished\":\"2019-07-21T10:46:57+00:00\",\"dateModified\":\"2020-07-10T11:01:00+00:00\",\"description\":\"Quark Restoration, executes necessary processes through which the material, historical, and design integrity of any built heritage are prolonged.\",\"breadcrumb\":{\"@id\":\"https:\/\/quark-studio.com\/restoration\/#breadcrumb\"},\"inLanguage\":\"tr\",\"potentialAction\":[{\"@type\":\"ReadAction\",\"target\":[\"https:\/\/quark-studio.com\/restoration\/\"]}]},{\"@type\":\"BreadcrumbList\",\"@id\":\"https:\/\/quark-studio.com\/restoration\/#breadcrumb\",\"itemListElement\":[{\"@type\":\"ListItem\",\"position\":1,\"name\":\"Home\",\"item\":\"https:\/\/quark-studio.com\/tr\/\"},{\"@type\":\"ListItem\",\"position\":2,\"name\":\"Restoration\"}]},{\"@type\":\"WebSite\",\"@id\":\"https:\/\/quark-studio.com\/#website\",\"url\":\"https:\/\/quark-studio.com\/\",\"name\":\"Quark Studio Architects\",\"description\":\"Architecture | Interior Design | Rendering\",\"publisher\":{\"@id\":\"https:\/\/quark-studio.com\/#organization\"},\"potentialAction\":[{\"@type\":\"SearchAction\",\"target\":{\"@type\":\"EntryPoint\",\"urlTemplate\":\"https:\/\/quark-studio.com\/?s={search_term_string}\"},\"query-input\":{\"@type\":\"PropertyValueSpecification\",\"valueRequired\":true,\"valueName\":\"search_term_string\"}}],\"inLanguage\":\"tr\"},{\"@type\":\"Organization\",\"@id\":\"https:\/\/quark-studio.com\/#organization\",\"name\":\"Quark Studio Architects\",\"url\":\"https:\/\/quark-studio.com\/\",\"logo\":{\"@type\":\"ImageObject\",\"inLanguage\":\"tr\",\"@id\":\"https:\/\/quark-studio.com\/#\/schema\/logo\/image\/\",\"url\":\"https:\/\/quark-studio.com\/wp-content\/uploads\/2019\/07\/Quark-logo.png\",\"contentUrl\":\"https:\/\/quark-studio.com\/wp-content\/uploads\/2019\/07\/Quark-logo.png\",\"width\":1000,\"height\":1029,\"caption\":\"Quark Studio Architects\"},\"image\":{\"@id\":\"https:\/\/quark-studio.com\/#\/schema\/logo\/image\/\"},\"sameAs\":[\"https:\/\/www.facebook.com\/quarkstudio\",\"https:\/\/x.com\/studio_quark\",\"https:\/\/www.instagram.com\/quark.studio\/\",\"https:\/\/www.linkedin.com\/company\/3475001\/admin\/\",\"https:\/\/www.pinterest.co.uk\/caine128\/\",\"https:\/\/www.youtube.com\/channel\/UCrIGfa_jnM13tBaWVRWORjA\"]}]}<\/script>\n<!-- \/ Yoast SEO plugin. -->","yoast_head_json":{"title":"Restorasyon | Quark Studio Architects | Architecture | Interior Design","description":"Quark Restoration, executes necessary processes through which the material, historical, and design integrity of any built heritage are prolonged.","robots":{"index":"index","follow":"follow","max-snippet":"max-snippet:-1","max-image-preview":"max-image-preview:large","max-video-preview":"max-video-preview:-1"},"canonical":"https:\/\/quark-studio.com\/restoration\/","og_locale":"tr_TR","og_type":"article","og_title":"Restorasyon | Quark Studio Architects | Architecture | Interior Design","og_description":"Quark Restoration, executes necessary processes through which the material, historical, and design integrity of any built heritage are prolonged.","og_url":"https:\/\/quark-studio.com\/restoration\/","og_site_name":"Quark Studio Architects","article_publisher":"https:\/\/www.facebook.com\/quarkstudio","article_modified_time":"2020-07-10T11:01:00+00:00","twitter_card":"summary_large_image","twitter_site":"@studio_quark","twitter_misc":{"Tahmini okuma s\u00fcresi":"7 dakika"},"schema":{"@context":"https:\/\/schema.org","@graph":[{"@type":"WebPage","@id":"https:\/\/quark-studio.com\/restoration\/","url":"https:\/\/quark-studio.com\/restoration\/","name":"Restorasyon | Quark Studio Architects | Architecture | Interior Design","isPartOf":{"@id":"https:\/\/quark-studio.com\/#website"},"datePublished":"2019-07-21T10:46:57+00:00","dateModified":"2020-07-10T11:01:00+00:00","description":"Quark Restoration, executes necessary processes through which the material, historical, and design integrity of any built heritage are prolonged.","breadcrumb":{"@id":"https:\/\/quark-studio.com\/restoration\/#breadcrumb"},"inLanguage":"tr","potentialAction":[{"@type":"ReadAction","target":["https:\/\/quark-studio.com\/restoration\/"]}]},{"@type":"BreadcrumbList","@id":"https:\/\/quark-studio.com\/restoration\/#breadcrumb","itemListElement":[{"@type":"ListItem","position":1,"name":"Home","item":"https:\/\/quark-studio.com\/tr\/"},{"@type":"ListItem","position":2,"name":"Restoration"}]},{"@type":"WebSite","@id":"https:\/\/quark-studio.com\/#website","url":"https:\/\/quark-studio.com\/","name":"Quark Studio Architects","description":"Architecture | Interior Design | Rendering","publisher":{"@id":"https:\/\/quark-studio.com\/#organization"},"potentialAction":[{"@type":"SearchAction","target":{"@type":"EntryPoint","urlTemplate":"https:\/\/quark-studio.com\/?s={search_term_string}"},"query-input":{"@type":"PropertyValueSpecification","valueRequired":true,"valueName":"search_term_string"}}],"inLanguage":"tr"},{"@type":"Organization","@id":"https:\/\/quark-studio.com\/#organization","name":"Quark Studio Architects","url":"https:\/\/quark-studio.com\/","logo":{"@type":"ImageObject","inLanguage":"tr","@id":"https:\/\/quark-studio.com\/#\/schema\/logo\/image\/","url":"https:\/\/quark-studio.com\/wp-content\/uploads\/2019\/07\/Quark-logo.png","contentUrl":"https:\/\/quark-studio.com\/wp-content\/uploads\/2019\/07\/Quark-logo.png","width":1000,"height":1029,"caption":"Quark Studio Architects"},"image":{"@id":"https:\/\/quark-studio.com\/#\/schema\/logo\/image\/"},"sameAs":["https:\/\/www.facebook.com\/quarkstudio","https:\/\/x.com\/studio_quark","https:\/\/www.instagram.com\/quark.studio\/","https:\/\/www.linkedin.com\/company\/3475001\/admin\/","https:\/\/www.pinterest.co.uk\/caine128\/","https:\/\/www.youtube.com\/channel\/UCrIGfa_jnM13tBaWVRWORjA"]}]}},"_links":{"self":[{"href":"https:\/\/quark-studio.com\/tr\/wp-json\/wp\/v2\/pages\/80863","targetHints":{"allow":["GET"]}}],"collection":[{"href":"https:\/\/quark-studio.com\/tr\/wp-json\/wp\/v2\/pages"}],"about":[{"href":"https:\/\/quark-studio.com\/tr\/wp-json\/wp\/v2\/types\/page"}],"author":[{"embeddable":true,"href":"https:\/\/quark-studio.com\/tr\/wp-json\/wp\/v2\/users\/1"}],"replies":[{"embeddable":true,"href":"https:\/\/quark-studio.com\/tr\/wp-json\/wp\/v2\/comments?post=80863"}],"version-history":[{"count":12,"href":"https:\/\/quark-studio.com\/tr\/wp-json\/wp\/v2\/pages\/80863\/revisions"}],"predecessor-version":[{"id":82600,"href":"https:\/\/quark-studio.com\/tr\/wp-json\/wp\/v2\/pages\/80863\/revisions\/82600"}],"wp:attachment":[{"href":"https:\/\/quark-studio.com\/tr\/wp-json\/wp\/v2\/media?parent=80863"}],"curies":[{"name":"wp","href":"https:\/\/api.w.org\/{rel}","templated":true}]}}